{"id":97,"date":"2015-07-28T19:21:31","date_gmt":"2015-07-28T19:21:31","guid":{"rendered":"http:\/\/www.lagazza.ch\/?post_type=product&#038;p=97&#038;lang=de"},"modified":"2026-04-02T10:26:11","modified_gmt":"2026-04-02T08:26:11","slug":"aceto-di-miele","status":"publish","type":"product","link":"https:\/\/www.lagazza.ch\/it\/haendlershop\/essige\/aceto-di-miele\/","title":{"rendered":"Aceto di miele"},"content":{"rendered":"<p>Pur non essendo assolutamente dolce, l'aceto di miele \u00e8 prodotto dalla fermentazione di acqua e miele ed \u00e8 eccezionalmente ricco di enzimi. Viene lavorato in modo completamente naturale, senza conservanti n\u00e9 additivi. L'aceto di miele \u00e8 molto delicato e ha un leggero sapore di miele quando viene riscaldato. Versato su insalate, verdure cotte e crude, il nostro aceto di miele conferisce ai piatti il sapore speciale dello chef pi\u00f9 esigente.<\/p>","protected":false},"excerpt":{"rendered":"<p><strong>Aceto di miele<\/strong><br \/>\nIngredienti: Aceto di fermentazione, prodotto dalla fermentazione di acqua e miele.<\/p>","protected":false},"featured_media":7596,"template":"","meta":[],"product_brand":[],"product_cat":[656],"product_tag":[],"class_list":{"0":"post-97","1":"product","2":"type-product","3":"status-publish","4":"has-post-thumbnail","6":"product_cat-essige","7":"pa_ernaehrungsangaben-glutenfrei","8":"pa_ernaehrungsangaben-vegetarisch","9":"pa_ernaehrungsangaben-vegan","10":"pa_marke-cascina-san-giovanni","12":"first","13":"instock","14":"taxable","15":"shipping-taxable","16":"product-type-simple"},"_links":{"self":[{"href":"https:\/\/www.lagazza.ch\/it\/wp-json\/wp\/v2\/product\/97","targetHints":{"allow":["GET"]}}],"collection":[{"href":"https:\/\/www.lagazza.ch\/it\/wp-json\/wp\/v2\/product"}],"about":[{"href":"https:\/\/www.lagazza.ch\/it\/wp-json\/wp\/v2\/types\/product"}],"wp:featuredmedia":[{"embeddable":true,"href":"https:\/\/www.lagazza.ch\/it\/wp-json\/wp\/v2\/media\/7596"}],"wp:attachment":[{"href":"https:\/\/www.lagazza.ch\/it\/wp-json\/wp\/v2\/media?parent=97"}],"wp:term":[{"taxonomy":"product_brand","embeddable":true,"href":"https:\/\/www.lagazza.ch\/it\/wp-json\/wp\/v2\/product_brand?post=97"},{"taxonomy":"product_cat","embeddable":true,"href":"https:\/\/www.lagazza.ch\/it\/wp-json\/wp\/v2\/product_cat?post=97"},{"taxonomy":"product_tag","embeddable":true,"href":"https:\/\/www.lagazza.ch\/it\/wp-json\/wp\/v2\/product_tag?post=97"}],"curies":[{"name":"wp","href":"https:\/\/api.w.org\/{rel}","templated":true}]}}