{"id":8636,"date":"2019-12-13T09:23:23","date_gmt":"2019-12-13T09:23:23","guid":{"rendered":"http:\/\/www.lagazza.ch\/?post_type=product&#038;p=8636"},"modified":"2024-09-27T15:53:53","modified_gmt":"2024-09-27T13:53:53","slug":"salsa-ketchup-lg","status":"publish","type":"product","link":"https:\/\/www.lagazza.ch\/it\/haendlershop\/tomatensaucen-pesto\/salsa-ketchup-lg\/","title":{"rendered":"Salsa ketchup"},"content":{"rendered":"<p>Prodotta con pomodori rossi e maturi, questa variet\u00e0 \u00e8 piacevolmente agrodolce. Ideale con le patatine fritte, \u00e8 anche una prelibatezza per i bambini.<\/p>","protected":false},"excerpt":{"rendered":"<p><strong>Ketchup<\/strong><br \/>\nIngredienti: Pomodori, zucchero, aceto di vino, sale, spezie.<\/p>","protected":false},"featured_media":7564,"template":"","meta":[],"product_brand":[],"product_cat":[658],"product_tag":[],"class_list":{"0":"post-8636","1":"product","2":"type-product","3":"status-publish","4":"has-post-thumbnail","6":"product_cat-tomatensaucen-pesto","7":"pa_ernaehrungsangaben-glutenfrei","8":"pa_ernaehrungsangaben-vegetarisch","9":"pa_ernaehrungsangaben-vegan","10":"pa_marke-la-gazza","12":"first","13":"instock","14":"taxable","15":"shipping-taxable","16":"product-type-simple"},"_links":{"self":[{"href":"https:\/\/www.lagazza.ch\/it\/wp-json\/wp\/v2\/product\/8636","targetHints":{"allow":["GET"]}}],"collection":[{"href":"https:\/\/www.lagazza.ch\/it\/wp-json\/wp\/v2\/product"}],"about":[{"href":"https:\/\/www.lagazza.ch\/it\/wp-json\/wp\/v2\/types\/product"}],"wp:featuredmedia":[{"embeddable":true,"href":"https:\/\/www.lagazza.ch\/it\/wp-json\/wp\/v2\/media\/7564"}],"wp:attachment":[{"href":"https:\/\/www.lagazza.ch\/it\/wp-json\/wp\/v2\/media?parent=8636"}],"wp:term":[{"taxonomy":"product_brand","embeddable":true,"href":"https:\/\/www.lagazza.ch\/it\/wp-json\/wp\/v2\/product_brand?post=8636"},{"taxonomy":"product_cat","embeddable":true,"href":"https:\/\/www.lagazza.ch\/it\/wp-json\/wp\/v2\/product_cat?post=8636"},{"taxonomy":"product_tag","embeddable":true,"href":"https:\/\/www.lagazza.ch\/it\/wp-json\/wp\/v2\/product_tag?post=8636"}],"curies":[{"name":"wp","href":"https:\/\/api.w.org\/{rel}","templated":true}]}}