{"id":8566,"date":"2019-12-13T06:57:09","date_gmt":"2019-12-13T06:57:09","guid":{"rendered":"http:\/\/www.lagazza.ch\/?post_type=product&#038;p=8566"},"modified":"2025-09-01T08:55:35","modified_gmt":"2025-09-01T06:55:35","slug":"peperoncini-al-tonno-lg","status":"publish","type":"product","link":"https:\/\/www.lagazza.ch\/it\/haendlershop\/antipasti\/peperoncini-al-tonno-lg\/","title":{"rendered":"Peperoncini al tonno"},"content":{"rendered":"<p>Peperoni piemontesi ripieni di una farcia piccante a base di tonno, acciughe, capperi e prezzemolo. Questa ricetta classica piemontese prevede l'utilizzo di una variet\u00e0 locale di peperone pi\u00f9 mite rispetto ai normali peperoncini. Ancora oggi, i peperoni vengono farciti a mano con una variet\u00e0 di ingredienti e marinati in olio d'oliva.<\/p>","protected":false},"excerpt":{"rendered":"<p><strong>Peperoni con tonno<\/strong><br \/>\nIngredienti: Peperoni, olio extravergine di oliva, tonno, acciughe, capperi, prezzemolo, sale.<\/p>","protected":false},"featured_media":7563,"template":"","meta":[],"product_brand":[],"product_cat":[486],"product_tag":[],"class_list":{"0":"post-8566","1":"product","2":"type-product","3":"status-publish","4":"has-post-thumbnail","6":"product_cat-antipasti","7":"pa_ernaehrungsangaben-glutenfrei","8":"pa_marke-la-gazza","10":"first","11":"instock","12":"taxable","13":"shipping-taxable","14":"product-type-simple"},"_links":{"self":[{"href":"https:\/\/www.lagazza.ch\/it\/wp-json\/wp\/v2\/product\/8566","targetHints":{"allow":["GET"]}}],"collection":[{"href":"https:\/\/www.lagazza.ch\/it\/wp-json\/wp\/v2\/product"}],"about":[{"href":"https:\/\/www.lagazza.ch\/it\/wp-json\/wp\/v2\/types\/product"}],"wp:featuredmedia":[{"embeddable":true,"href":"https:\/\/www.lagazza.ch\/it\/wp-json\/wp\/v2\/media\/7563"}],"wp:attachment":[{"href":"https:\/\/www.lagazza.ch\/it\/wp-json\/wp\/v2\/media?parent=8566"}],"wp:term":[{"taxonomy":"product_brand","embeddable":true,"href":"https:\/\/www.lagazza.ch\/it\/wp-json\/wp\/v2\/product_brand?post=8566"},{"taxonomy":"product_cat","embeddable":true,"href":"https:\/\/www.lagazza.ch\/it\/wp-json\/wp\/v2\/product_cat?post=8566"},{"taxonomy":"product_tag","embeddable":true,"href":"https:\/\/www.lagazza.ch\/it\/wp-json\/wp\/v2\/product_tag?post=8566"}],"curies":[{"name":"wp","href":"https:\/\/api.w.org\/{rel}","templated":true}]}}