{"id":8070,"date":"2019-11-28T15:58:22","date_gmt":"2019-11-28T15:58:22","guid":{"rendered":"http:\/\/www.lagazza.ch\/?post_type=product&#038;p=8070"},"modified":"2025-09-01T09:31:13","modified_gmt":"2025-09-01T07:31:13","slug":"meringhe-alla-mandorla","status":"publish","type":"product","link":"https:\/\/www.lagazza.ch\/it\/haendlershop\/dolci\/meringhe-alla-mandorla\/","title":{"rendered":"Meringhe alla mandorla"},"content":{"rendered":"<p>La meringa \u00e8 una preparazione dolce a base di albumi freschi sbattuti e zucchero semolato. \u00c8 un dolce diffuso in tutta Italia, anche se \u00e8 legato alla tradizione piemontese. All'impasto aggiungiamo due diverse qualit\u00e0 di frutta secca: nocciole IGP del Piemonte o mandorle. Queste ultime rendono il dolce leggero e croccante.<\/p>","protected":false},"excerpt":{"rendered":"<p><strong>Meringhe con mandorle<\/strong><br \/>\nIngredienti: Zucchero, mandorle, albume d'uovo, cioccolato.<\/p>","protected":false},"featured_media":7421,"template":"","meta":[],"product_brand":[],"product_cat":[483],"product_tag":[],"class_list":{"0":"post-8070","1":"product","2":"type-product","3":"status-publish","4":"has-post-thumbnail","6":"product_cat-dolci","7":"pa_ernaehrungsangaben-glutenfrei","8":"pa_ernaehrungsangaben-vegetarisch","9":"pa_marke-cascina-san-giovanni","11":"first","12":"instock","13":"taxable","14":"shipping-taxable","15":"product-type-simple"},"_links":{"self":[{"href":"https:\/\/www.lagazza.ch\/it\/wp-json\/wp\/v2\/product\/8070","targetHints":{"allow":["GET"]}}],"collection":[{"href":"https:\/\/www.lagazza.ch\/it\/wp-json\/wp\/v2\/product"}],"about":[{"href":"https:\/\/www.lagazza.ch\/it\/wp-json\/wp\/v2\/types\/product"}],"wp:featuredmedia":[{"embeddable":true,"href":"https:\/\/www.lagazza.ch\/it\/wp-json\/wp\/v2\/media\/7421"}],"wp:attachment":[{"href":"https:\/\/www.lagazza.ch\/it\/wp-json\/wp\/v2\/media?parent=8070"}],"wp:term":[{"taxonomy":"product_brand","embeddable":true,"href":"https:\/\/www.lagazza.ch\/it\/wp-json\/wp\/v2\/product_brand?post=8070"},{"taxonomy":"product_cat","embeddable":true,"href":"https:\/\/www.lagazza.ch\/it\/wp-json\/wp\/v2\/product_cat?post=8070"},{"taxonomy":"product_tag","embeddable":true,"href":"https:\/\/www.lagazza.ch\/it\/wp-json\/wp\/v2\/product_tag?post=8070"}],"curies":[{"name":"wp","href":"https:\/\/api.w.org\/{rel}","templated":true}]}}