{"id":411,"date":"2015-08-17T17:09:48","date_gmt":"2015-08-17T17:09:48","guid":{"rendered":"http:\/\/www.lagazza.ch\/?post_type=product&#038;p=411&#038;lang=de"},"modified":"2025-09-01T08:46:07","modified_gmt":"2025-09-01T06:46:07","slug":"olio-extravergine-di-oliva-i-trulli-250-csg","status":"publish","type":"product","link":"https:\/\/www.lagazza.ch\/it\/haendlershop\/olivenoele\/olio-extravergine-di-oliva-i-trulli-250-csg\/","title":{"rendered":"Olio extravergine di oliva \"I Trulli"},"content":{"rendered":"<p>Tutti i nostri oli d'oliva sono ottenuti dalla prima spremitura a freddo e solo da olive di prima qualit\u00e0 e senza difetti. Gli oli provengono da diverse regioni d'Italia e hanno tutti caratteristiche molto particolari.<\/p>\n<p>Con alcuni degli uliveti pi\u00f9 belli d'Italia, la Puglia \u00e8 la pi\u00f9 grande regione olivicola. Il nostro olio, I'Trulli, \u00e8 prodotto con le variet\u00e0 Cima di Bitonto e Coratina. Quest'olio \u00e8 caratterizzato da una nota pepata e da un piacevole sapore di mandorla e deve essere usato con parsimonia.<\/p>","protected":false},"excerpt":{"rendered":"<p><strong>Olio extravergine di oliva<\/strong><br \/>\n100% Olive italiane, estrazione a freddo, prima qualit\u00e0, ottenute direttamente dalle olive con soli processi meccanici.<\/p>","protected":false},"featured_media":7606,"template":"","meta":[],"product_brand":[],"product_cat":[728],"product_tag":[],"class_list":{"0":"post-411","1":"product","2":"type-product","3":"status-publish","4":"has-post-thumbnail","6":"product_cat-olivenoele","7":"pa_ernaehrungsangaben-glutenfrei","8":"pa_ernaehrungsangaben-vegetarisch","9":"pa_ernaehrungsangaben-vegan","10":"pa_marke-cascina-san-giovanni","12":"first","13":"instock","14":"taxable","15":"shipping-taxable","16":"product-type-simple"},"_links":{"self":[{"href":"https:\/\/www.lagazza.ch\/it\/wp-json\/wp\/v2\/product\/411","targetHints":{"allow":["GET"]}}],"collection":[{"href":"https:\/\/www.lagazza.ch\/it\/wp-json\/wp\/v2\/product"}],"about":[{"href":"https:\/\/www.lagazza.ch\/it\/wp-json\/wp\/v2\/types\/product"}],"wp:featuredmedia":[{"embeddable":true,"href":"https:\/\/www.lagazza.ch\/it\/wp-json\/wp\/v2\/media\/7606"}],"wp:attachment":[{"href":"https:\/\/www.lagazza.ch\/it\/wp-json\/wp\/v2\/media?parent=411"}],"wp:term":[{"taxonomy":"product_brand","embeddable":true,"href":"https:\/\/www.lagazza.ch\/it\/wp-json\/wp\/v2\/product_brand?post=411"},{"taxonomy":"product_cat","embeddable":true,"href":"https:\/\/www.lagazza.ch\/it\/wp-json\/wp\/v2\/product_cat?post=411"},{"taxonomy":"product_tag","embeddable":true,"href":"https:\/\/www.lagazza.ch\/it\/wp-json\/wp\/v2\/product_tag?post=411"}],"curies":[{"name":"wp","href":"https:\/\/api.w.org\/{rel}","templated":true}]}}