{"id":406,"date":"2015-08-17T16:57:22","date_gmt":"2015-08-17T16:57:22","guid":{"rendered":"http:\/\/www.lagazza.ch\/?post_type=product&#038;p=406&#038;lang=de"},"modified":"2024-09-27T14:33:49","modified_gmt":"2024-09-27T12:33:49","slug":"aceto-balsamico-di-modena-igp-4-foglie-250-csg","status":"publish","type":"product","link":"https:\/\/www.lagazza.ch\/it\/haendlershop\/essige\/aceto-balsamico-di-modena-igp-4-foglie-250-csg\/","title":{"rendered":"Aceto balsamico di Modena IGP, 4 foglie"},"content":{"rendered":"<p>Il segreto di questo classico modenese sta nella preparazione lenta e delicata del mosto di uva Trebbiano. Un attento invecchiamento in botti di rovere, castagno, ciliegio o gelso porta questo aceto alla perfezione. Le ricette di famiglia, strettamente custodite e tramandate di generazione in generazione, garantiscono un prodotto di eccezionale qualit\u00e0 e distinzione. I nostri aceti balsamici non sono pastorizzati (trattamento termico), il che ne preserva l'elevato valore nutrizionale. La Cascina San Giovanni offre 3 aceti balsamici. Ogni qualit\u00e0 \u00e8 leggermente pi\u00f9 pregiata, accentuata dal legno e pi\u00f9 densa della precedente, grazie all'ulteriore invecchiamento e alla maggiore concentrazione.<\/p>\n<p>Aceto balsamico di Modena IGP, 4 foglie: consistenza sciropposa. Questo aceto a 4 foglie della Cascina San Giovanni ha una perfetta armonia tra dolcezza e acidit\u00e0. Si abbina bene a funghi porcini freschi e arrostiti, alla \"Fritata con patate\", a dessert come il \"Gelato\" o lo \"Zabaglione all'Aceto Balsamico\", o per intingere il parmigiano o le verdure fresche (Pinzimonio).<\/p>","protected":false},"excerpt":{"rendered":"<p><strong>Aceto balsamico di Modena IGP<\/strong><br \/>\nIngredienti: Aceto di vino, mosto d'uva cotto e concentrato.<\/p>","protected":false},"featured_media":7589,"template":"","meta":[],"product_brand":[],"product_cat":[656],"product_tag":[],"class_list":{"0":"post-406","1":"product","2":"type-product","3":"status-publish","4":"has-post-thumbnail","6":"product_cat-essige","7":"pa_ernaehrungsangaben-glutenfrei","8":"pa_ernaehrungsangaben-vegetarisch","9":"pa_ernaehrungsangaben-vegan","10":"pa_marke-cascina-san-giovanni","12":"first","13":"instock","14":"taxable","15":"shipping-taxable","16":"product-type-simple"},"_links":{"self":[{"href":"https:\/\/www.lagazza.ch\/it\/wp-json\/wp\/v2\/product\/406","targetHints":{"allow":["GET"]}}],"collection":[{"href":"https:\/\/www.lagazza.ch\/it\/wp-json\/wp\/v2\/product"}],"about":[{"href":"https:\/\/www.lagazza.ch\/it\/wp-json\/wp\/v2\/types\/product"}],"wp:featuredmedia":[{"embeddable":true,"href":"https:\/\/www.lagazza.ch\/it\/wp-json\/wp\/v2\/media\/7589"}],"wp:attachment":[{"href":"https:\/\/www.lagazza.ch\/it\/wp-json\/wp\/v2\/media?parent=406"}],"wp:term":[{"taxonomy":"product_brand","embeddable":true,"href":"https:\/\/www.lagazza.ch\/it\/wp-json\/wp\/v2\/product_brand?post=406"},{"taxonomy":"product_cat","embeddable":true,"href":"https:\/\/www.lagazza.ch\/it\/wp-json\/wp\/v2\/product_cat?post=406"},{"taxonomy":"product_tag","embeddable":true,"href":"https:\/\/www.lagazza.ch\/it\/wp-json\/wp\/v2\/product_tag?post=406"}],"curies":[{"name":"wp","href":"https:\/\/api.w.org\/{rel}","templated":true}]}}