{"id":366,"date":"2015-08-17T09:38:44","date_gmt":"2015-08-17T09:38:44","guid":{"rendered":"http:\/\/www.lagazza.ch\/?post_type=product&#038;p=366&#038;lang=de"},"modified":"2024-08-30T08:14:48","modified_gmt":"2024-08-30T08:14:48","slug":"peperoncini-al-tonno-1500-csg","status":"publish","type":"product","link":"https:\/\/www.lagazza.ch\/it\/haendlershop\/antipasti\/peperoncini-al-tonno-1500-csg\/","title":{"rendered":"Peperoncini al tonno"},"content":{"rendered":"<p>Peperoni piemontesi ripieni di una farcia piccante a base di tonno, acciughe, capperi e prezzemolo. Questa ricetta classica piemontese prevede l'utilizzo di una variet\u00e0 locale di peperone pi\u00f9 mite rispetto ai normali peperoncini. Ancora oggi, i peperoni vengono farciti a mano con una variet\u00e0 di ingredienti e marinati in olio di semi di girasole.<\/p>","protected":false},"excerpt":{"rendered":"<p><strong>Peperoni con tonno<\/strong><br \/>\nIngredienti: Peperoni, olio di semi di girasole, tonno, acciughe, capperi, prezzemolo, sale.<\/p>","protected":false},"featured_media":7412,"template":"","meta":[],"product_brand":[],"product_cat":[486],"product_tag":[],"class_list":{"0":"post-366","1":"product","2":"type-product","3":"status-publish","4":"has-post-thumbnail","6":"product_cat-antipasti","7":"pa_ernaehrungsangaben-glutenfrei","8":"pa_marke-cascina-san-giovanni","10":"first","11":"instock","12":"taxable","13":"shipping-taxable","14":"product-type-simple"},"_links":{"self":[{"href":"https:\/\/www.lagazza.ch\/it\/wp-json\/wp\/v2\/product\/366","targetHints":{"allow":["GET"]}}],"collection":[{"href":"https:\/\/www.lagazza.ch\/it\/wp-json\/wp\/v2\/product"}],"about":[{"href":"https:\/\/www.lagazza.ch\/it\/wp-json\/wp\/v2\/types\/product"}],"wp:featuredmedia":[{"embeddable":true,"href":"https:\/\/www.lagazza.ch\/it\/wp-json\/wp\/v2\/media\/7412"}],"wp:attachment":[{"href":"https:\/\/www.lagazza.ch\/it\/wp-json\/wp\/v2\/media?parent=366"}],"wp:term":[{"taxonomy":"product_brand","embeddable":true,"href":"https:\/\/www.lagazza.ch\/it\/wp-json\/wp\/v2\/product_brand?post=366"},{"taxonomy":"product_cat","embeddable":true,"href":"https:\/\/www.lagazza.ch\/it\/wp-json\/wp\/v2\/product_cat?post=366"},{"taxonomy":"product_tag","embeddable":true,"href":"https:\/\/www.lagazza.ch\/it\/wp-json\/wp\/v2\/product_tag?post=366"}],"curies":[{"name":"wp","href":"https:\/\/api.w.org\/{rel}","templated":true}]}}