{"id":341,"date":"2015-08-14T09:17:44","date_gmt":"2015-08-14T09:17:44","guid":{"rendered":"http:\/\/www.lagazza.ch\/?post_type=product&#038;p=341&#038;lang=de"},"modified":"2026-04-02T10:33:14","modified_gmt":"2026-04-02T08:33:14","slug":"sugo-ai-funghi-porcini","status":"publish","type":"product","link":"https:\/\/www.lagazza.ch\/it\/haendlershop\/tomatensaucen-pesto\/sugo-ai-funghi-porcini\/","title":{"rendered":"Sugo ai funghi porcini"},"content":{"rendered":"<p>Per questo sugo si utilizzano esclusivamente funghi porcini (Boletus edulis). \u00c8 ideale anche per insaporire la polenta.<\/p>\n<p>I nostri sughi di pomodoro sono prodotti in Piemonte\/Italia utilizzando solo pomodori freschi maturati al sole e verdure fresche. Una lenta e lunga cottura a fuoco lento produce un sugo denso e saporito. Condito secondo antiche ricette e raffinato con erbe, verdure, funghi, carne e pesce, il risultato \u00e8 un sugo italiano autentico e saporito. Conservato naturalmente con il sale, il nostro sugo non necessita di conservanti artificiali. Anche se il sapore \u00e8 leggermente pi\u00f9 salato rispetto al sugo tradizionale, per compensarlo si pu\u00f2 usare un po' meno sale nella cottura della pasta.<\/p>","protected":false},"excerpt":{"rendered":"<p><strong>Salsa di pomodoro con funghi porcini<\/strong><br \/>\nIngredienti: Pomodori, funghi porcini, olio extravergine di oliva, cipolle, sale, zucchero, aglio.<\/p>","protected":false},"featured_media":7524,"template":"","meta":[],"product_brand":[],"product_cat":[658],"product_tag":[],"class_list":{"0":"post-341","1":"product","2":"type-product","3":"status-publish","4":"has-post-thumbnail","6":"product_cat-tomatensaucen-pesto","7":"pa_ernaehrungsangaben-glutenfrei","8":"pa_ernaehrungsangaben-vegetarisch","9":"pa_ernaehrungsangaben-vegan","10":"pa_marke-cascina-san-giovanni","12":"first","13":"instock","14":"taxable","15":"shipping-taxable","16":"product-type-simple"},"_links":{"self":[{"href":"https:\/\/www.lagazza.ch\/it\/wp-json\/wp\/v2\/product\/341","targetHints":{"allow":["GET"]}}],"collection":[{"href":"https:\/\/www.lagazza.ch\/it\/wp-json\/wp\/v2\/product"}],"about":[{"href":"https:\/\/www.lagazza.ch\/it\/wp-json\/wp\/v2\/types\/product"}],"wp:featuredmedia":[{"embeddable":true,"href":"https:\/\/www.lagazza.ch\/it\/wp-json\/wp\/v2\/media\/7524"}],"wp:attachment":[{"href":"https:\/\/www.lagazza.ch\/it\/wp-json\/wp\/v2\/media?parent=341"}],"wp:term":[{"taxonomy":"product_brand","embeddable":true,"href":"https:\/\/www.lagazza.ch\/it\/wp-json\/wp\/v2\/product_brand?post=341"},{"taxonomy":"product_cat","embeddable":true,"href":"https:\/\/www.lagazza.ch\/it\/wp-json\/wp\/v2\/product_cat?post=341"},{"taxonomy":"product_tag","embeddable":true,"href":"https:\/\/www.lagazza.ch\/it\/wp-json\/wp\/v2\/product_tag?post=341"}],"curies":[{"name":"wp","href":"https:\/\/api.w.org\/{rel}","templated":true}]}}