{"id":154,"date":"2015-07-29T19:18:57","date_gmt":"2015-07-29T19:18:57","guid":{"rendered":"http:\/\/www.lagazza.ch\/?post_type=product&#038;p=154&#038;lang=de"},"modified":"2024-08-29T14:05:02","modified_gmt":"2024-08-29T14:05:02","slug":"grissini-alt-sesamo","status":"publish","type":"product","link":"https:\/\/www.lagazza.ch\/it\/haendlershop\/backwaren\/grissini-alt-sesamo\/","title":{"rendered":"Grissini al sesamo"},"content":{"rendered":"<p>Le nostre lingue, chiacchiere e grissini sono fatti a mano in un piccolo panificio piemontese. Prodotti secondo antiche ricette tramandate da generazioni, con ingredienti semplici: un impasto a base di farina, acqua, sale e olio d'oliva, a scelta aromatizzato con erbe, olive, cipolle e semi di sesamo. Sono cotte a secco con abbondante olio d'oliva e sono perfette per essere intinte in crostini spalmabili o semplicemente mangiate da sole.<\/p>\n<p>Tradizionale, modellato a mano e famoso in tutto il mondo per le seguenti caratteristiche: semplicit\u00e0, autenticit\u00e0, genuinit\u00e0. I semi di sesamo conferiscono a questa variet\u00e0 un piacevole sapore di noce.<\/p>","protected":false},"excerpt":{"rendered":"<p><strong>Bastoncini di pane con semi di sesamo<\/strong><br \/>\nIngredienti: Farina di frumento, olio extravergine di oliva, lievito di birra, sale, semi di sesamo.<\/p>","protected":false},"featured_media":7437,"template":"","meta":[],"product_brand":[],"product_cat":[70],"product_tag":[],"class_list":{"0":"post-154","1":"product","2":"type-product","3":"status-publish","4":"has-post-thumbnail","6":"product_cat-backwaren","7":"pa_ernaehrungsangaben-vegetarisch","8":"pa_ernaehrungsangaben-vegan","9":"pa_marke-cascina-san-giovanni","11":"first","12":"instock","13":"taxable","14":"shipping-taxable","15":"product-type-simple"},"_links":{"self":[{"href":"https:\/\/www.lagazza.ch\/it\/wp-json\/wp\/v2\/product\/154","targetHints":{"allow":["GET"]}}],"collection":[{"href":"https:\/\/www.lagazza.ch\/it\/wp-json\/wp\/v2\/product"}],"about":[{"href":"https:\/\/www.lagazza.ch\/it\/wp-json\/wp\/v2\/types\/product"}],"wp:featuredmedia":[{"embeddable":true,"href":"https:\/\/www.lagazza.ch\/it\/wp-json\/wp\/v2\/media\/7437"}],"wp:attachment":[{"href":"https:\/\/www.lagazza.ch\/it\/wp-json\/wp\/v2\/media?parent=154"}],"wp:term":[{"taxonomy":"product_brand","embeddable":true,"href":"https:\/\/www.lagazza.ch\/it\/wp-json\/wp\/v2\/product_brand?post=154"},{"taxonomy":"product_cat","embeddable":true,"href":"https:\/\/www.lagazza.ch\/it\/wp-json\/wp\/v2\/product_cat?post=154"},{"taxonomy":"product_tag","embeddable":true,"href":"https:\/\/www.lagazza.ch\/it\/wp-json\/wp\/v2\/product_tag?post=154"}],"curies":[{"name":"wp","href":"https:\/\/api.w.org\/{rel}","templated":true}]}}