{"id":132,"date":"2015-07-29T18:10:08","date_gmt":"2015-07-29T18:10:08","guid":{"rendered":"http:\/\/www.lagazza.ch\/?post_type=product&#038;p=132&#038;lang=de"},"modified":"2025-09-01T08:54:08","modified_gmt":"2025-09-01T06:54:08","slug":"peperoncini-con-olive-e-acciughe","status":"publish","type":"product","link":"https:\/\/www.lagazza.ch\/it\/haendlershop\/antipasti\/peperoncini-con-olive-e-acciughe\/","title":{"rendered":"Peperoncini con olive e acciughe"},"content":{"rendered":"<p>Peperoni piemontesi ripieni di filetto d'acciuga e olive snocciolate. Questa ricetta classica piemontese prevede l'utilizzo di una variet\u00e0 locale di peperoni pi\u00f9 mite rispetto ai normali peperoncini. Ancora oggi, i peperoni vengono farciti a mano con una variet\u00e0 di ingredienti e marinati in olio d'oliva.<\/p>","protected":false},"excerpt":{"rendered":"<p><strong>Peperoni con olive e acciughe<\/strong><br \/>\nIngredienti: Peperoni, olio extravergine di oliva, olive, acciughe, sale.<\/p>","protected":false},"featured_media":7493,"template":"","meta":[],"product_brand":[],"product_cat":[486],"product_tag":[],"class_list":{"0":"post-132","1":"product","2":"type-product","3":"status-publish","4":"has-post-thumbnail","6":"product_cat-antipasti","7":"pa_ernaehrungsangaben-glutenfrei","8":"pa_marke-cascina-san-giovanni","10":"first","11":"instock","12":"taxable","13":"shipping-taxable","14":"product-type-simple"},"_links":{"self":[{"href":"https:\/\/www.lagazza.ch\/it\/wp-json\/wp\/v2\/product\/132","targetHints":{"allow":["GET"]}}],"collection":[{"href":"https:\/\/www.lagazza.ch\/it\/wp-json\/wp\/v2\/product"}],"about":[{"href":"https:\/\/www.lagazza.ch\/it\/wp-json\/wp\/v2\/types\/product"}],"wp:featuredmedia":[{"embeddable":true,"href":"https:\/\/www.lagazza.ch\/it\/wp-json\/wp\/v2\/media\/7493"}],"wp:attachment":[{"href":"https:\/\/www.lagazza.ch\/it\/wp-json\/wp\/v2\/media?parent=132"}],"wp:term":[{"taxonomy":"product_brand","embeddable":true,"href":"https:\/\/www.lagazza.ch\/it\/wp-json\/wp\/v2\/product_brand?post=132"},{"taxonomy":"product_cat","embeddable":true,"href":"https:\/\/www.lagazza.ch\/it\/wp-json\/wp\/v2\/product_cat?post=132"},{"taxonomy":"product_tag","embeddable":true,"href":"https:\/\/www.lagazza.ch\/it\/wp-json\/wp\/v2\/product_tag?post=132"}],"curies":[{"name":"wp","href":"https:\/\/api.w.org\/{rel}","templated":true}]}}