{"id":100,"date":"2015-07-28T19:34:18","date_gmt":"2015-07-28T19:34:18","guid":{"rendered":"http:\/\/www.lagazza.ch\/?post_type=product&#038;p=100&#038;lang=de"},"modified":"2026-03-16T13:50:52","modified_gmt":"2026-03-16T12:50:52","slug":"olio-extravergine-di-olivia-varieta-taggiasca-500-csg","status":"publish","type":"product","link":"https:\/\/www.lagazza.ch\/it\/haendlershop\/olivenoele\/olio-extravergine-di-olivia-varieta-taggiasca-500-csg\/","title":{"rendered":"Olio extravergine di oliva variet\u00e0 Taggiasca"},"content":{"rendered":"<p>Tutti i nostri oli d'oliva sono ottenuti dalla prima spremitura a freddo e solo da olive di prima qualit\u00e0 e senza difetti. Gli oli provengono da diverse regioni d'Italia e hanno tutti caratteristiche molto particolari.<\/p>\n<p>La variet\u00e0 pi\u00f9 diffusa e rappresentativa della produzione olivicola ligure \u00e8 la variet\u00e0 taggiasca. Questa variet\u00e0 produce un olio di oliva a bassa acidit\u00e0 e dal sapore delicato.<\/p>","protected":false},"excerpt":{"rendered":"<p><strong>Olio extra vergine di oliva Taggiasco<\/strong><br \/>\nEstrazione a freddo, prima qualit\u00e0, ottenuta direttamente dalle olive esclusivamente con mezzi meccanici.<\/p>","protected":false},"featured_media":16418,"template":"","meta":[],"product_brand":[],"product_cat":[728],"product_tag":[],"class_list":{"0":"post-100","1":"product","2":"type-product","3":"status-publish","4":"has-post-thumbnail","6":"product_cat-olivenoele","7":"pa_ernaehrungsangaben-glutenfrei","8":"pa_ernaehrungsangaben-vegetarisch","9":"pa_ernaehrungsangaben-vegan","10":"pa_marke-cascina-san-giovanni","12":"first","13":"instock","14":"taxable","15":"shipping-taxable","16":"product-type-simple"},"_links":{"self":[{"href":"https:\/\/www.lagazza.ch\/it\/wp-json\/wp\/v2\/product\/100","targetHints":{"allow":["GET"]}}],"collection":[{"href":"https:\/\/www.lagazza.ch\/it\/wp-json\/wp\/v2\/product"}],"about":[{"href":"https:\/\/www.lagazza.ch\/it\/wp-json\/wp\/v2\/types\/product"}],"wp:featuredmedia":[{"embeddable":true,"href":"https:\/\/www.lagazza.ch\/it\/wp-json\/wp\/v2\/media\/16418"}],"wp:attachment":[{"href":"https:\/\/www.lagazza.ch\/it\/wp-json\/wp\/v2\/media?parent=100"}],"wp:term":[{"taxonomy":"product_brand","embeddable":true,"href":"https:\/\/www.lagazza.ch\/it\/wp-json\/wp\/v2\/product_brand?post=100"},{"taxonomy":"product_cat","embeddable":true,"href":"https:\/\/www.lagazza.ch\/it\/wp-json\/wp\/v2\/product_cat?post=100"},{"taxonomy":"product_tag","embeddable":true,"href":"https:\/\/www.lagazza.ch\/it\/wp-json\/wp\/v2\/product_tag?post=100"}],"curies":[{"name":"wp","href":"https:\/\/api.w.org\/{rel}","templated":true}]}}