{"id":1062,"date":"2015-09-17T14:20:42","date_gmt":"2015-09-17T14:20:42","guid":{"rendered":"http:\/\/www.lagazza.ch\/?page_id=1062"},"modified":"2024-10-25T13:04:52","modified_gmt":"2024-10-25T11:04:52","slug":"produktion","status":"publish","type":"page","link":"https:\/\/www.lagazza.ch\/it\/produktion\/","title":{"rendered":"Produzione"},"content":{"rendered":"<div data-elementor-type=\"wp-page\" data-elementor-id=\"1062\" class=\"elementor elementor-1062\" data-elementor-post-type=\"page\">\n\t\t\t\t\t\t<section class=\"elementor-section elementor-top-section elementor-element elementor-element-c82fefe elementor-section-boxed elementor-section-height-default elementor-section-height-default\" data-id=\"c82fefe\" data-element_type=\"section\" data-settings=\"{&quot;jet_parallax_layout_list&quot;:[]}\">\n\t\t\t\t\t\t<div class=\"elementor-container elementor-column-gap-default\">\n\t\t\t\t\t<div class=\"elementor-column elementor-col-100 elementor-top-column elementor-element elementor-element-75ebee9\" data-id=\"75ebee9\" data-element_type=\"column\">\n\t\t\t<div class=\"elementor-widget-wrap elementor-element-populated\">\n\t\t\t\t\t\t<div class=\"elementor-element elementor-element-85556af elementor-widget elementor-widget-text-editor\" data-id=\"85556af\" data-element_type=\"widget\" data-widget_type=\"text-editor.default\">\n\t\t\t\t<div class=\"elementor-widget-container\">\n\t\t\t\t\t\t\t\t\t<p class=\"h\" style=\"text-align: center;\">Con il nostro storico partner di produzione, Cascina San Giovanni in Piemonte, non abbiamo solo un rapporto di lunga data. Siamo il loro partner esclusivo per la distribuzione sin dalla fondazione dell'azienda e manteniamo un intenso rapporto di collaborazione. Insieme rintracciamo specialit\u00e0 e sviluppiamo nuove ricette.<\/p>\t\t\t\t\t\t\t\t<\/div>\n\t\t\t\t<\/div>\n\t\t\t\t\t<\/div>\n\t\t<\/div>\n\t\t\t\t\t<\/div>\n\t\t<\/section>\n\t\t\t\t<section class=\"elementor-section elementor-top-section elementor-element elementor-element-4f9f8317 elementor-section-boxed elementor-section-height-default elementor-section-height-default\" data-id=\"4f9f8317\" data-element_type=\"section\" data-settings=\"{&quot;jet_parallax_layout_list&quot;:[]}\">\n\t\t\t\t\t\t<div class=\"elementor-container elementor-column-gap-default\">\n\t\t\t\t\t<div class=\"elementor-column elementor-col-100 elementor-top-column elementor-element elementor-element-16f43107\" data-id=\"16f43107\" data-element_type=\"column\">\n\t\t\t<div class=\"elementor-widget-wrap elementor-element-populated\">\n\t\t\t\t\t\t<div class=\"elementor-element elementor-element-1f514a3 elementor-widget-divider--separator-type-pattern elementor-widget-divider--view-line elementor-widget elementor-widget-divider\" data-id=\"1f514a3\" data-element_type=\"widget\" data-widget_type=\"divider.default\">\n\t\t\t\t<div class=\"elementor-widget-container\">\n\t\t\t\t\t\t\t<div class=\"elementor-divider\" style=\"--divider-pattern-url: url(&quot;data:image\/svg+xml,%3Csvg xmlns=&#039;http:\/\/www.w3.org\/2000\/svg&#039; preserveAspectRatio=&#039;none&#039; overflow=&#039;visible&#039; height=&#039;100%&#039; viewBox=&#039;0 0 20 16&#039; fill=&#039;none&#039; stroke=&#039;black&#039; stroke-width=&#039;1&#039; stroke-linecap=&#039;square&#039; stroke-miterlimit=&#039;10&#039;%3E%3Cg transform=&#039;translate(-12.000000, 0)&#039;%3E%3Cpath d=&#039;M28,0L10,18&#039;\/%3E%3Cpath d=&#039;M18,0L0,18&#039;\/%3E%3Cpath d=&#039;M48,0L30,18&#039;\/%3E%3Cpath d=&#039;M38,0L20,18&#039;\/%3E%3C\/g%3E%3C\/svg%3E&quot;);\">\n\t\t\t<span class=\"elementor-divider-separator\">\n\t\t\t\t\t\t<\/span>\n\t\t<\/div>\n\t\t\t\t\t\t<\/div>\n\t\t\t\t<\/div>\n\t\t\t\t<section class=\"elementor-section elementor-inner-section elementor-element elementor-element-e1ade1c elementor-section-boxed elementor-section-height-default elementor-section-height-default\" data-id=\"e1ade1c\" data-element_type=\"section\" data-settings=\"{&quot;jet_parallax_layout_list&quot;:[]}\">\n\t\t\t\t\t\t<div class=\"elementor-container elementor-column-gap-wide\">\n\t\t\t\t\t<div class=\"elementor-column elementor-col-33 elementor-inner-column elementor-element elementor-element-a6e292d\" data-id=\"a6e292d\" data-element_type=\"column\">\n\t\t\t<div class=\"elementor-widget-wrap elementor-element-populated\">\n\t\t\t\t\t\t<div class=\"elementor-element elementor-element-7581f64 elementor-widget elementor-widget-text-editor\" data-id=\"7581f64\" data-element_type=\"widget\" data-widget_type=\"text-editor.default\">\n\t\t\t\t<div class=\"elementor-widget-container\">\n\t\t\t\t\t\t\t\t\t<h3>La storia<\/h3><p>Cascina San Giovanni \u00e8 nata, oltre 30 anni fa, nell'omonima casa in Piemonte. Il primo sugo fu preparato nella cucina dell'antica cascina secondo una ricetta segreta di famiglia. La richiesta inaspettatamente alta, prima da parte di parenti e amici, poi da parte di un numero sempre maggiore di persone, fu tale che ben presto la produzione dovette essere ampliata. Le pentole sono diventate pi\u00f9 grandi. Gli ottimi ingredienti provenienti dai campi degli agricoltori regionali e l'inesauribile variet\u00e0 della cucina italiana ispirarono altre ricette.<\/p>\t\t\t\t\t\t\t\t<\/div>\n\t\t\t\t<\/div>\n\t\t\t\t<div class=\"elementor-element elementor-element-07a1a82 elementor-widget elementor-widget-image\" data-id=\"07a1a82\" data-element_type=\"widget\" data-widget_type=\"image.default\">\n\t\t\t\t<div class=\"elementor-widget-container\">\n\t\t\t\t\t\t\t\t\t\t\t\t\t\t\t<img fetchpriority=\"high\" decoding=\"async\" width=\"600\" height=\"600\" src=\"https:\/\/www.lagazza.ch\/wp-content\/uploads\/2020\/01\/geschichte.jpg\" class=\"attachment-large size-large wp-image-9663\" alt=\"\" srcset=\"https:\/\/www.lagazza.ch\/wp-content\/uploads\/2020\/01\/geschichte.jpg 600w, https:\/\/www.lagazza.ch\/wp-content\/uploads\/2020\/01\/geschichte-230x230.jpg 230w, https:\/\/www.lagazza.ch\/wp-content\/uploads\/2020\/01\/geschichte-400x400.jpg 400w, https:\/\/www.lagazza.ch\/wp-content\/uploads\/2020\/01\/geschichte-500x500.jpg 500w, https:\/\/www.lagazza.ch\/wp-content\/uploads\/2020\/01\/geschichte-100x100.jpg 100w\" sizes=\"(max-width: 600px) 100vw, 600px\" \/>\t\t\t\t\t\t\t\t\t\t\t\t\t\t\t<\/div>\n\t\t\t\t<\/div>\n\t\t\t\t\t<\/div>\n\t\t<\/div>\n\t\t\t\t<div class=\"elementor-column elementor-col-33 elementor-inner-column elementor-element elementor-element-df0e3e4\" data-id=\"df0e3e4\" data-element_type=\"column\">\n\t\t\t<div class=\"elementor-widget-wrap elementor-element-populated\">\n\t\t\t\t\t\t<div class=\"elementor-element elementor-element-ef27b9a elementor-widget elementor-widget-spacer\" data-id=\"ef27b9a\" data-element_type=\"widget\" data-widget_type=\"spacer.default\">\n\t\t\t\t<div class=\"elementor-widget-container\">\n\t\t\t\t\t\t\t<div class=\"elementor-spacer\">\n\t\t\t<div class=\"elementor-spacer-inner\"><\/div>\n\t\t<\/div>\n\t\t\t\t\t\t<\/div>\n\t\t\t\t<\/div>\n\t\t\t\t<div class=\"elementor-element elementor-element-6c043d3 elementor-widget elementor-widget-image\" data-id=\"6c043d3\" data-element_type=\"widget\" data-widget_type=\"image.default\">\n\t\t\t\t<div class=\"elementor-widget-container\">\n\t\t\t\t\t\t\t\t\t\t\t\t\t\t\t<img decoding=\"async\" width=\"600\" height=\"600\" src=\"https:\/\/www.lagazza.ch\/wp-content\/uploads\/2020\/01\/qualitaet.jpg\" class=\"attachment-large size-large wp-image-9664\" alt=\"\" srcset=\"https:\/\/www.lagazza.ch\/wp-content\/uploads\/2020\/01\/qualitaet.jpg 600w, https:\/\/www.lagazza.ch\/wp-content\/uploads\/2020\/01\/qualitaet-230x230.jpg 230w, https:\/\/www.lagazza.ch\/wp-content\/uploads\/2020\/01\/qualitaet-400x400.jpg 400w, https:\/\/www.lagazza.ch\/wp-content\/uploads\/2020\/01\/qualitaet-500x500.jpg 500w, https:\/\/www.lagazza.ch\/wp-content\/uploads\/2020\/01\/qualitaet-100x100.jpg 100w\" sizes=\"(max-width: 600px) 100vw, 600px\" \/>\t\t\t\t\t\t\t\t\t\t\t\t\t\t\t<\/div>\n\t\t\t\t<\/div>\n\t\t\t\t<div class=\"elementor-element elementor-element-e48924b elementor-widget elementor-widget-text-editor\" data-id=\"e48924b\" data-element_type=\"widget\" data-widget_type=\"text-editor.default\">\n\t\t\t\t<div class=\"elementor-widget-container\">\n\t\t\t\t\t\t\t\t\t<h3>Filosofia<\/h3>\nLa filosofia di Cascina San Giovanni \u00e8 rimasta invariata negli anni: gli ingredienti dei prodotti provengono tutti da aziende agricole regionali e sono lavorati senza conservanti n\u00e9 coloranti, proprio come avveniva allora.\n\nI prodotti di Cascina San Giovanni sono distribuiti in esclusiva dall'azienda La Gazza. I prodotti a marchio privato Cascina San Giovanni, La Gazza e Via Emilia sono realizzati per voi. Cascina San Giovanni produce anche per altri marchi privati di clienti internazionali.\t\t\t\t\t\t\t\t<\/div>\n\t\t\t\t<\/div>\n\t\t\t\t\t<\/div>\n\t\t<\/div>\n\t\t\t\t<div class=\"elementor-column elementor-col-33 elementor-inner-column elementor-element elementor-element-92f3c56\" data-id=\"92f3c56\" data-element_type=\"column\">\n\t\t\t<div class=\"elementor-widget-wrap elementor-element-populated\">\n\t\t\t\t\t\t<div class=\"elementor-element elementor-element-f55a1e8 elementor-widget elementor-widget-text-editor\" data-id=\"f55a1e8\" data-element_type=\"widget\" data-widget_type=\"text-editor.default\">\n\t\t\t\t<div class=\"elementor-widget-container\">\n\t\t\t\t\t\t\t\t\t<h3>I dipendenti<\/h3><p>I collaboratori di lunga data di Cascina San Giovanni garantiscono la massima qualit\u00e0 e affidabilit\u00e0.<\/p><p>Gestione<\/p><ul><li>Sabine Suter, proprietaria e direttrice generale<\/li><li>Dominik Suter, proprietario<\/li><li>Giulia Delmonte, amministratore delegato<\/li><\/ul><p>Amministrazione\/Gestione<\/p><ul><li>Valeria Bisio, Responsabile Acquisti e Fornitori<\/li><li>Marica Cometta, Responsabile Servizio Clienti e Logistica <\/li><\/ul><p>Produzione<\/p><ul><li>Claudia Ivaldi,<br \/>Responsabile magazzino e imballaggio<\/li><li>Patrizia Pandolfo, Produzione e confezionamento<\/li><li>Mirella Bianco, Produzione e confezionamento<\/li><li>Pierra Bona, Produzione e confezionamento<\/li><li>Rosi Ferrino, Produzione e imballaggio<\/li><\/ul>\t\t\t\t\t\t\t\t<\/div>\n\t\t\t\t<\/div>\n\t\t\t\t\t<\/div>\n\t\t<\/div>\n\t\t\t\t\t<\/div>\n\t\t<\/section>\n\t\t\t\t<div class=\"elementor-element elementor-element-5af402b elementor-widget-divider--view-line elementor-widget elementor-widget-divider\" data-id=\"5af402b\" data-element_type=\"widget\" data-widget_type=\"divider.default\">\n\t\t\t\t<div class=\"elementor-widget-container\">\n\t\t\t\t\t\t\t<div class=\"elementor-divider\">\n\t\t\t<span class=\"elementor-divider-separator\">\n\t\t\t\t\t\t<\/span>\n\t\t<\/div>\n\t\t\t\t\t\t<\/div>\n\t\t\t\t<\/div>\n\t\t\t\t<div class=\"elementor-element elementor-element-8cdec03 elementor-cta--skin-classic elementor-animated-content elementor-bg-transform elementor-bg-transform-zoom-in elementor-widget elementor-widget-call-to-action\" data-id=\"8cdec03\" data-element_type=\"widget\" data-widget_type=\"call-to-action.default\">\n\t\t\t\t<div class=\"elementor-widget-container\">\n\t\t\t\t\t\t\t<a class=\"elementor-cta\" href=\"https:\/\/cascinasangiovanni.com\/\" target=\"_blank\" rel=\"noopener\">\n\t\t\t\t\t\t\t<div class=\"elementor-cta__content\">\n\t\t\t\t\n\t\t\t\t\t\t\t\t\t<h2 class=\"elementor-cta__title elementor-cta__content-item elementor-content-item\">\n\t\t\t\t\t\tUlteriori informazioni sono disponibili sul sito web di Cascina San Giovanni srl.\t\t\t\t\t<\/h2>\n\t\t\t\t\n\t\t\t\t\n\t\t\t\t\t\t\t\t\t<div class=\"elementor-cta__button-wrapper elementor-cta__content-item elementor-content-item\">\n\t\t\t\t\t<span class=\"elementor-cta__button elementor-button elementor-size-\">\n\t\t\t\t\t\tInformazioni su Cascina San Giovanni ...\t\t\t\t\t<\/span>\n\t\t\t\t\t<\/div>\n\t\t\t\t\t\t\t<\/div>\n\t\t\t\t\t\t<\/a>\n\t\t\t\t\t\t<\/div>\n\t\t\t\t<\/div>\n\t\t\t\t<div class=\"elementor-element elementor-element-94745a1 elementor-widget elementor-widget-spacer\" data-id=\"94745a1\" data-element_type=\"widget\" data-widget_type=\"spacer.default\">\n\t\t\t\t<div class=\"elementor-widget-container\">\n\t\t\t\t\t\t\t<div class=\"elementor-spacer\">\n\t\t\t<div class=\"elementor-spacer-inner\"><\/div>\n\t\t<\/div>\n\t\t\t\t\t\t<\/div>\n\t\t\t\t<\/div>\n\t\t\t\t\t<\/div>\n\t\t<\/div>\n\t\t\t\t\t<\/div>\n\t\t<\/section>\n\t\t\t\t<section class=\"elementor-section elementor-top-section elementor-element elementor-element-2bb0e49 elementor-section-height-min-height elementor-section-stretched elementor-section-boxed elementor-section-height-default elementor-section-items-middle\" data-id=\"2bb0e49\" data-element_type=\"section\" data-settings=\"{&quot;background_background&quot;:&quot;classic&quot;,&quot;background_motion_fx_motion_fx_scrolling&quot;:&quot;yes&quot;,&quot;background_motion_fx_translateY_effect&quot;:&quot;yes&quot;,&quot;background_motion_fx_translateY_direction&quot;:&quot;negative&quot;,&quot;background_motion_fx_translateY_speed&quot;:{&quot;unit&quot;:&quot;px&quot;,&quot;size&quot;:10,&quot;sizes&quot;:[]},&quot;stretch_section&quot;:&quot;section-stretched&quot;,&quot;jet_parallax_layout_list&quot;:[],&quot;background_motion_fx_translateY_affectedRange&quot;:{&quot;unit&quot;:&quot;%&quot;,&quot;size&quot;:&quot;&quot;,&quot;sizes&quot;:{&quot;start&quot;:0,&quot;end&quot;:100}},&quot;background_motion_fx_devices&quot;:[&quot;desktop&quot;,&quot;tablet&quot;,&quot;mobile&quot;]}\">\n\t\t\t\t\t\t\t<div class=\"elementor-background-overlay\"><\/div>\n\t\t\t\t\t\t\t<div class=\"elementor-container elementor-column-gap-default\">\n\t\t\t\t\t<div class=\"elementor-column elementor-col-100 elementor-top-column elementor-element elementor-element-068bf7c\" data-id=\"068bf7c\" data-element_type=\"column\" data-settings=\"{&quot;background_background&quot;:&quot;gradient&quot;}\">\n\t\t\t<div class=\"elementor-widget-wrap elementor-element-populated\">\n\t\t\t\t\t\t<div class=\"elementor-element elementor-element-911700a elementor-widget elementor-widget-heading\" data-id=\"911700a\" data-element_type=\"widget\" data-widget_type=\"heading.default\">\n\t\t\t\t<div class=\"elementor-widget-container\">\n\t\t\t\t\t<div class=\"elementor-heading-title elementor-size-default\">Qui \u00e8 dove tutto \u00e8 cominciato: L'antica Cascina San Giovanni, in Piemonte.<\/div>\t\t\t\t<\/div>\n\t\t\t\t<\/div>\n\t\t\t\t\t<\/div>\n\t\t<\/div>\n\t\t\t\t\t<\/div>\n\t\t<\/section>\n\t\t\t\t<\/div>","protected":false},"excerpt":{"rendered":"<p>Con il nostro storico partner di produzione, la Cascina San Giovanni in Piemonte, non abbiamo solo un rapporto di lunga data. Siamo il loro partner esclusivo per la distribuzione sin dalla fondazione dell'azienda e manteniamo un intenso rapporto di collaborazione. Insieme rintracciamo specialit\u00e0 e sviluppiamo nuove ricette. Storia Tutto \u00e8 iniziato in piccolo alla Cascina San Giovanni pi\u00f9 di 30 anni fa, [...]<\/p>","protected":false},"author":1,"featured_media":0,"parent":0,"menu_order":0,"comment_status":"closed","ping_status":"closed","template":"","meta":{"footnotes":""},"class_list":["post-1062","page","type-page","status-publish","hentry"],"_links":{"self":[{"href":"https:\/\/www.lagazza.ch\/it\/wp-json\/wp\/v2\/pages\/1062","targetHints":{"allow":["GET"]}}],"collection":[{"href":"https:\/\/www.lagazza.ch\/it\/wp-json\/wp\/v2\/pages"}],"about":[{"href":"https:\/\/www.lagazza.ch\/it\/wp-json\/wp\/v2\/types\/page"}],"author":[{"embeddable":true,"href":"https:\/\/www.lagazza.ch\/it\/wp-json\/wp\/v2\/users\/1"}],"replies":[{"embeddable":true,"href":"https:\/\/www.lagazza.ch\/it\/wp-json\/wp\/v2\/comments?post=1062"}],"version-history":[{"count":120,"href":"https:\/\/www.lagazza.ch\/it\/wp-json\/wp\/v2\/pages\/1062\/revisions"}],"predecessor-version":[{"id":17567,"href":"https:\/\/www.lagazza.ch\/it\/wp-json\/wp\/v2\/pages\/1062\/revisions\/17567"}],"wp:attachment":[{"href":"https:\/\/www.lagazza.ch\/it\/wp-json\/wp\/v2\/media?parent=1062"}],"curies":[{"name":"wp","href":"https:\/\/api.w.org\/{rel}","templated":true}]}}