{"id":96,"date":"2015-07-28T19:20:16","date_gmt":"2015-07-28T19:20:16","guid":{"rendered":"http:\/\/www.lagazza.ch\/?post_type=product&#038;p=96&#038;lang=de"},"modified":"2024-07-11T13:14:30","modified_gmt":"2024-07-11T13:14:30","slug":"aceto-di-vino-bianco-chardonnay","status":"publish","type":"product","link":"https:\/\/www.lagazza.ch\/fr\/haendlershop\/essige\/aceto-di-vino-bianco-chardonnay\/","title":{"rendered":"Aceto di vino bianco Chardonnay"},"content":{"rendered":"<p>Un vinaigre produit \u00e0 partir de vins de chardonnay s\u00e9lectionn\u00e9s dans la r\u00e9gion italienne du Pi\u00e9mont. Un processus de fermentation traditionnel et lent lui conf\u00e8re un go\u00fbt rond et dense ainsi qu'un parfum particulier. Tr\u00e8s doux, fruit\u00e9, il convient particuli\u00e8rement aux salades, marinades et sauces l\u00e9g\u00e8res \u00e0 base de poisson et de volaille.<\/p>","protected":false},"excerpt":{"rendered":"<p><strong>Vinaigre de vin blanc<\/strong><br \/>\nIngr\u00e9dients : Vinaigre de vin de Chardonnay.<\/p>","protected":false},"featured_media":7591,"template":"","meta":[],"product_brand":[],"product_cat":[656],"product_tag":[],"class_list":{"0":"post-96","1":"product","2":"type-product","3":"status-publish","4":"has-post-thumbnail","6":"product_cat-essige","7":"pa_ernaehrungsangaben-glutenfrei","8":"pa_ernaehrungsangaben-vegetarisch","9":"pa_ernaehrungsangaben-vegan","10":"pa_marke-cascina-san-giovanni","12":"first","13":"instock","14":"taxable","15":"shipping-taxable","16":"product-type-simple"},"_links":{"self":[{"href":"https:\/\/www.lagazza.ch\/fr\/wp-json\/wp\/v2\/product\/96","targetHints":{"allow":["GET"]}}],"collection":[{"href":"https:\/\/www.lagazza.ch\/fr\/wp-json\/wp\/v2\/product"}],"about":[{"href":"https:\/\/www.lagazza.ch\/fr\/wp-json\/wp\/v2\/types\/product"}],"wp:featuredmedia":[{"embeddable":true,"href":"https:\/\/www.lagazza.ch\/fr\/wp-json\/wp\/v2\/media\/7591"}],"wp:attachment":[{"href":"https:\/\/www.lagazza.ch\/fr\/wp-json\/wp\/v2\/media?parent=96"}],"wp:term":[{"taxonomy":"product_brand","embeddable":true,"href":"https:\/\/www.lagazza.ch\/fr\/wp-json\/wp\/v2\/product_brand?post=96"},{"taxonomy":"product_cat","embeddable":true,"href":"https:\/\/www.lagazza.ch\/fr\/wp-json\/wp\/v2\/product_cat?post=96"},{"taxonomy":"product_tag","embeddable":true,"href":"https:\/\/www.lagazza.ch\/fr\/wp-json\/wp\/v2\/product_tag?post=96"}],"curies":[{"name":"wp","href":"https:\/\/api.w.org\/{rel}","templated":true}]}}