{"id":93,"date":"2015-07-28T19:08:58","date_gmt":"2015-07-28T19:08:58","guid":{"rendered":"http:\/\/www.lagazza.ch\/?post_type=product&#038;p=93&#038;lang=de"},"modified":"2024-07-11T13:11:59","modified_gmt":"2024-07-11T13:11:59","slug":"aceto-di-vino-rosso-chianti","status":"publish","type":"product","link":"https:\/\/www.lagazza.ch\/fr\/haendlershop\/essige\/aceto-di-vino-rosso-chianti\/","title":{"rendered":"Aceto di vino rosso Chianti"},"content":{"rendered":"<p>Ce c\u00e9l\u00e8bre vin rouge toscan est transform\u00e9 en un excellent vinaigre en Toscane. La fermentation du vin dans des f\u00fbts de ch\u00eane produit un ar\u00f4me intense et harmonieux avec des notes vinaigr\u00e9es. Comme le vinaigre n'est pas pasteuris\u00e9 lors de sa fabrication, il peut contenir un peu de lie.<\/p>","protected":false},"excerpt":{"rendered":"<p><strong>Vinaigre de vin rouge Chianti<\/strong><br \/>\nIngr\u00e9dients : Vinaigre de vin Chianti<\/p>","protected":false},"featured_media":7592,"template":"","meta":[],"product_brand":[],"product_cat":[656],"product_tag":[],"class_list":{"0":"post-93","1":"product","2":"type-product","3":"status-publish","4":"has-post-thumbnail","6":"product_cat-essige","7":"pa_ernaehrungsangaben-glutenfrei","8":"pa_ernaehrungsangaben-vegetarisch","9":"pa_ernaehrungsangaben-vegan","10":"pa_marke-cascina-san-giovanni","12":"first","13":"instock","14":"taxable","15":"shipping-taxable","16":"product-type-simple"},"_links":{"self":[{"href":"https:\/\/www.lagazza.ch\/fr\/wp-json\/wp\/v2\/product\/93","targetHints":{"allow":["GET"]}}],"collection":[{"href":"https:\/\/www.lagazza.ch\/fr\/wp-json\/wp\/v2\/product"}],"about":[{"href":"https:\/\/www.lagazza.ch\/fr\/wp-json\/wp\/v2\/types\/product"}],"wp:featuredmedia":[{"embeddable":true,"href":"https:\/\/www.lagazza.ch\/fr\/wp-json\/wp\/v2\/media\/7592"}],"wp:attachment":[{"href":"https:\/\/www.lagazza.ch\/fr\/wp-json\/wp\/v2\/media?parent=93"}],"wp:term":[{"taxonomy":"product_brand","embeddable":true,"href":"https:\/\/www.lagazza.ch\/fr\/wp-json\/wp\/v2\/product_brand?post=93"},{"taxonomy":"product_cat","embeddable":true,"href":"https:\/\/www.lagazza.ch\/fr\/wp-json\/wp\/v2\/product_cat?post=93"},{"taxonomy":"product_tag","embeddable":true,"href":"https:\/\/www.lagazza.ch\/fr\/wp-json\/wp\/v2\/product_tag?post=93"}],"curies":[{"name":"wp","href":"https:\/\/api.w.org\/{rel}","templated":true}]}}