{"id":9027,"date":"2019-12-19T07:43:08","date_gmt":"2019-12-19T07:43:08","guid":{"rendered":"http:\/\/www.lagazza.ch\/?post_type=product&#038;p=9027"},"modified":"2024-03-22T14:40:54","modified_gmt":"2024-03-22T14:40:54","slug":"maltagliati","status":"publish","type":"product","link":"https:\/\/www.lagazza.ch\/fr\/haendlershop\/frischteigwaren\/maltagliati\/","title":{"rendered":"Maltagliati"},"content":{"rendered":"<p>Toutes les p\u00e2tes fra\u00eeches sont livr\u00e9es en barquettes fumig\u00e9es et peuvent \u00eatre congel\u00e9es. Dur\u00e9e de conservation minimale pour les produits surgel\u00e9s : 3 mois \u00e0 partir de la production. Toutes les vari\u00e9t\u00e9s sont \u00e9galement disponibles en emballages de 500 g.<\/p>","protected":false},"excerpt":{"rendered":"<p><strong>Maltagliati<\/strong><br \/>\nIngr\u00e9dients : Semoule de bl\u00e9 dur, farine de bl\u00e9, \u0153ufs, eau.<\/p>","protected":false},"featured_media":9102,"template":"","meta":[],"product_brand":[],"product_cat":[619],"product_tag":[],"class_list":{"0":"post-9027","1":"product","2":"type-product","3":"status-publish","4":"has-post-thumbnail","6":"product_cat-frischteigwaren","7":"pa_ernaehrungsangaben-vegetarisch","8":"pa_marke-la-gazza","10":"first","11":"instock","12":"taxable","13":"shipping-taxable","14":"product-type-simple"},"_links":{"self":[{"href":"https:\/\/www.lagazza.ch\/fr\/wp-json\/wp\/v2\/product\/9027","targetHints":{"allow":["GET"]}}],"collection":[{"href":"https:\/\/www.lagazza.ch\/fr\/wp-json\/wp\/v2\/product"}],"about":[{"href":"https:\/\/www.lagazza.ch\/fr\/wp-json\/wp\/v2\/types\/product"}],"wp:featuredmedia":[{"embeddable":true,"href":"https:\/\/www.lagazza.ch\/fr\/wp-json\/wp\/v2\/media\/9102"}],"wp:attachment":[{"href":"https:\/\/www.lagazza.ch\/fr\/wp-json\/wp\/v2\/media?parent=9027"}],"wp:term":[{"taxonomy":"product_brand","embeddable":true,"href":"https:\/\/www.lagazza.ch\/fr\/wp-json\/wp\/v2\/product_brand?post=9027"},{"taxonomy":"product_cat","embeddable":true,"href":"https:\/\/www.lagazza.ch\/fr\/wp-json\/wp\/v2\/product_cat?post=9027"},{"taxonomy":"product_tag","embeddable":true,"href":"https:\/\/www.lagazza.ch\/fr\/wp-json\/wp\/v2\/product_tag?post=9027"}],"curies":[{"name":"wp","href":"https:\/\/api.w.org\/{rel}","templated":true}]}}