{"id":87,"date":"2015-07-28T18:35:15","date_gmt":"2015-07-28T18:35:15","guid":{"rendered":"http:\/\/www.lagazza.ch\/?post_type=product&#038;p=87&#038;lang=de"},"modified":"2024-07-11T12:41:16","modified_gmt":"2024-07-11T12:41:16","slug":"aceto-balsamico-di-modena-igp-3-foglie-bottiglia-speciale-laura-500-csg","status":"publish","type":"product","link":"https:\/\/www.lagazza.ch\/fr\/haendlershop\/essige\/aceto-balsamico-di-modena-igp-3-foglie-bottiglia-speciale-laura-500-csg\/","title":{"rendered":"Aceto balsamico di Modena IGP, 3 flacons - Bottiglia speciale Laura"},"content":{"rendered":"<p>Le secret de ce classique italien de Mod\u00e8ne r\u00e9side dans la pr\u00e9paration lente et d\u00e9licate du mo\u00fbt de raisin Trebbiano. La maturation minutieuse en f\u00fbts de ch\u00eane, de ch\u00e2taignier, de cerisier ou de m\u00fbrier porte ce vinaigre \u00e0 la perfection. Les recettes familiales jalousement gard\u00e9es, transmises de g\u00e9n\u00e9ration en g\u00e9n\u00e9ration, garantissent un produit d'une qualit\u00e9 et d'une distinction exceptionnelles. Nos vinaigres balsamiques ne sont pas pasteuris\u00e9s (traitement thermique), ce qui permet de pr\u00e9server leur haute valeur nutritive. Cascina San Giovanni propose 3 vinaigres balsamiques. Chaque qualit\u00e9 est l\u00e9g\u00e8rement plus pr\u00e9cieuse, plus bois\u00e9e et plus \u00e9paisse que la pr\u00e9c\u00e9dente, gr\u00e2ce \u00e0 un vieillissement suppl\u00e9mentaire et \u00e0 une concentration plus \u00e9lev\u00e9e.<\/p>\n<p>Aceto Balsamico di Modena IGP, 3 feuilles : fort go\u00fbt bois\u00e9. Gr\u00e2ce \u00e0 son \u00e9quilibre entre l'acidit\u00e9 et la douceur, il convient \u00e0 la salade de fenouil au parmesan, \u00e0 la salade de tr\u00e9vise, de roquette et de chicor\u00e9e rouge. Il est \u00e9galement un excellent compagnon pour les salades de fruits ou les marinades de viande.<\/p>","protected":false},"excerpt":{"rendered":"<p><strong>Vinaigre balsamique de Mod\u00e8ne IGP<\/strong><br \/>\nIngr\u00e9dients : Vinaigre de vin, mo\u00fbt de raisin cuit et concentr\u00e9.<\/p>","protected":false},"featured_media":7604,"template":"","meta":[],"product_brand":[],"product_cat":[656],"product_tag":[],"class_list":{"0":"post-87","1":"product","2":"type-product","3":"status-publish","4":"has-post-thumbnail","6":"product_cat-essige","7":"pa_ernaehrungsangaben-glutenfrei","8":"pa_ernaehrungsangaben-vegetarisch","9":"pa_ernaehrungsangaben-vegan","10":"pa_marke-cascina-san-giovanni","12":"first","13":"instock","14":"taxable","15":"shipping-taxable","16":"product-type-simple"},"_links":{"self":[{"href":"https:\/\/www.lagazza.ch\/fr\/wp-json\/wp\/v2\/product\/87","targetHints":{"allow":["GET"]}}],"collection":[{"href":"https:\/\/www.lagazza.ch\/fr\/wp-json\/wp\/v2\/product"}],"about":[{"href":"https:\/\/www.lagazza.ch\/fr\/wp-json\/wp\/v2\/types\/product"}],"wp:featuredmedia":[{"embeddable":true,"href":"https:\/\/www.lagazza.ch\/fr\/wp-json\/wp\/v2\/media\/7604"}],"wp:attachment":[{"href":"https:\/\/www.lagazza.ch\/fr\/wp-json\/wp\/v2\/media?parent=87"}],"wp:term":[{"taxonomy":"product_brand","embeddable":true,"href":"https:\/\/www.lagazza.ch\/fr\/wp-json\/wp\/v2\/product_brand?post=87"},{"taxonomy":"product_cat","embeddable":true,"href":"https:\/\/www.lagazza.ch\/fr\/wp-json\/wp\/v2\/product_cat?post=87"},{"taxonomy":"product_tag","embeddable":true,"href":"https:\/\/www.lagazza.ch\/fr\/wp-json\/wp\/v2\/product_tag?post=87"}],"curies":[{"name":"wp","href":"https:\/\/api.w.org\/{rel}","templated":true}]}}