{"id":8670,"date":"2019-12-13T13:38:08","date_gmt":"2019-12-13T13:38:08","guid":{"rendered":"http:\/\/www.lagazza.ch\/?post_type=product&#038;p=8670"},"modified":"2024-03-22T13:04:49","modified_gmt":"2024-03-22T13:04:49","slug":"caserecci-piemontesi-alla-carne-brasata","status":"publish","type":"product","link":"https:\/\/www.lagazza.ch\/fr\/haendlershop\/frischteigwaren\/caserecci-piemontesi-alla-carne-brasata\/","title":{"rendered":"Caserecci Piemontesi alla carne brasata"},"content":{"rendered":"<p>Toutes les p\u00e2tes fra\u00eeches sont livr\u00e9es en barquettes fumig\u00e9es et peuvent \u00eatre congel\u00e9es. Dur\u00e9e de conservation minimale pour les produits surgel\u00e9s : 3 mois \u00e0 partir de la production. Toutes les vari\u00e9t\u00e9s sont \u00e9galement disponibles en emballages de 500 g.<\/p>","protected":false},"excerpt":{"rendered":"<p><strong>Casarecci avec brasato<\/strong><br \/>\nIngr\u00e9dients : Semoule de bl\u00e9 dur, farine de bl\u00e9, \u0153ufs, salami, viande de b\u0153uf et de porc, fromage, grissini r\u00e2p\u00e9s, bouillon de l\u00e9gumes, ail, vin, persil, sel, poivre.<\/p>","protected":false},"featured_media":9086,"template":"","meta":[],"product_brand":[],"product_cat":[619],"product_tag":[],"class_list":{"0":"post-8670","1":"product","2":"type-product","3":"status-publish","4":"has-post-thumbnail","6":"product_cat-frischteigwaren","7":"pa_marke-la-gazza","9":"first","10":"instock","11":"taxable","12":"shipping-taxable","13":"product-type-simple"},"_links":{"self":[{"href":"https:\/\/www.lagazza.ch\/fr\/wp-json\/wp\/v2\/product\/8670","targetHints":{"allow":["GET"]}}],"collection":[{"href":"https:\/\/www.lagazza.ch\/fr\/wp-json\/wp\/v2\/product"}],"about":[{"href":"https:\/\/www.lagazza.ch\/fr\/wp-json\/wp\/v2\/types\/product"}],"wp:featuredmedia":[{"embeddable":true,"href":"https:\/\/www.lagazza.ch\/fr\/wp-json\/wp\/v2\/media\/9086"}],"wp:attachment":[{"href":"https:\/\/www.lagazza.ch\/fr\/wp-json\/wp\/v2\/media?parent=8670"}],"wp:term":[{"taxonomy":"product_brand","embeddable":true,"href":"https:\/\/www.lagazza.ch\/fr\/wp-json\/wp\/v2\/product_brand?post=8670"},{"taxonomy":"product_cat","embeddable":true,"href":"https:\/\/www.lagazza.ch\/fr\/wp-json\/wp\/v2\/product_cat?post=8670"},{"taxonomy":"product_tag","embeddable":true,"href":"https:\/\/www.lagazza.ch\/fr\/wp-json\/wp\/v2\/product_tag?post=8670"}],"curies":[{"name":"wp","href":"https:\/\/api.w.org\/{rel}","templated":true}]}}