{"id":8642,"date":"2019-12-13T09:51:07","date_gmt":"2019-12-13T09:51:07","guid":{"rendered":"http:\/\/www.lagazza.ch\/?post_type=product&#038;p=8642"},"modified":"2024-04-09T10:39:57","modified_gmt":"2024-04-09T10:39:57","slug":"kaffee-barista-espresso","status":"publish","type":"product","link":"https:\/\/www.lagazza.ch\/fr\/haendlershop\/kafee\/kaffee-barista-espresso\/","title":{"rendered":"Caf\u00e9 - Barista Espresso"},"content":{"rendered":"","protected":false},"excerpt":{"rendered":"<p><strong>M\u00e9lange Barista Espresso Arabica<\/strong><br \/>\nUn m\u00e9lange qui est aussi agr\u00e9able \u00e0 boire comme espresso pur qu'il a suffisamment de go\u00fbt dans un cappuccino. Les caf\u00e9s du Kenya et du Guatemala lui conf\u00e8rent une agr\u00e9able acidit\u00e9 fruit\u00e9e qui rappelle les baies des bois.<\/p>","protected":false},"featured_media":7767,"template":"","meta":[],"product_brand":[],"product_cat":[684],"product_tag":[],"class_list":{"0":"post-8642","1":"product","2":"type-product","3":"status-publish","4":"has-post-thumbnail","6":"product_cat-kafee","7":"pa_ernaehrungsangaben-glutenfrei","8":"pa_ernaehrungsangaben-vegetarisch","9":"pa_ernaehrungsangaben-vegan","10":"pa_marke-la-gazza","12":"first","13":"instock","14":"taxable","15":"shipping-taxable","16":"product-type-simple"},"_links":{"self":[{"href":"https:\/\/www.lagazza.ch\/fr\/wp-json\/wp\/v2\/product\/8642","targetHints":{"allow":["GET"]}}],"collection":[{"href":"https:\/\/www.lagazza.ch\/fr\/wp-json\/wp\/v2\/product"}],"about":[{"href":"https:\/\/www.lagazza.ch\/fr\/wp-json\/wp\/v2\/types\/product"}],"wp:featuredmedia":[{"embeddable":true,"href":"https:\/\/www.lagazza.ch\/fr\/wp-json\/wp\/v2\/media\/7767"}],"wp:attachment":[{"href":"https:\/\/www.lagazza.ch\/fr\/wp-json\/wp\/v2\/media?parent=8642"}],"wp:term":[{"taxonomy":"product_brand","embeddable":true,"href":"https:\/\/www.lagazza.ch\/fr\/wp-json\/wp\/v2\/product_brand?post=8642"},{"taxonomy":"product_cat","embeddable":true,"href":"https:\/\/www.lagazza.ch\/fr\/wp-json\/wp\/v2\/product_cat?post=8642"},{"taxonomy":"product_tag","embeddable":true,"href":"https:\/\/www.lagazza.ch\/fr\/wp-json\/wp\/v2\/product_tag?post=8642"}],"curies":[{"name":"wp","href":"https:\/\/api.w.org\/{rel}","templated":true}]}}