{"id":8638,"date":"2019-12-13T09:28:11","date_gmt":"2019-12-13T09:28:11","guid":{"rendered":"http:\/\/www.lagazza.ch\/?post_type=product&#038;p=8638"},"modified":"2024-09-30T10:53:06","modified_gmt":"2024-09-30T08:53:06","slug":"pesto-rosso-80-lg","status":"publish","type":"product","link":"https:\/\/www.lagazza.ch\/fr\/haendlershop\/tomatensaucen-pesto\/pesto-rosso-80-lg\/","title":{"rendered":"Pesto rosso"},"content":{"rendered":"<p>Nous consid\u00e9rons ces pestos (ou plut\u00f4t pesti) comme une merveilleuse invention. Car o\u00f9 trouverait-on autrement un tel concentr\u00e9 de parfums m\u00e9diterran\u00e9ens ? Il est pr\u00e9f\u00e9rable de m\u00e9langer nos pesti \u00e0 froid et avec un peu d'huile d'olive extra vierge directement aux spaghettis, fettuccine ou gnocchi.<\/p>\n<p>Une sauce pr\u00e9par\u00e9e avec des tomates italiennes s\u00e9ch\u00e9es au soleil et du concentr\u00e9 de tomates italiennes.<\/p>","protected":false},"excerpt":{"rendered":"<p><strong>Pesto de tomates s\u00e9ch\u00e9es au soleil<\/strong><br \/>\nIngr\u00e9dients : Tomates, tomates s\u00e9ch\u00e9es, huile d'olive, sucre, ail, herbes, piment, sel.<\/p>","protected":false},"featured_media":7694,"template":"","meta":[],"product_brand":[],"product_cat":[658],"product_tag":[],"class_list":{"0":"post-8638","1":"product","2":"type-product","3":"status-publish","4":"has-post-thumbnail","6":"product_cat-tomatensaucen-pesto","7":"pa_ernaehrungsangaben-glutenfrei","8":"pa_ernaehrungsangaben-vegetarisch","9":"pa_ernaehrungsangaben-vegan","10":"pa_marke-la-gazza","12":"first","13":"instock","14":"taxable","15":"shipping-taxable","16":"product-type-simple"},"_links":{"self":[{"href":"https:\/\/www.lagazza.ch\/fr\/wp-json\/wp\/v2\/product\/8638","targetHints":{"allow":["GET"]}}],"collection":[{"href":"https:\/\/www.lagazza.ch\/fr\/wp-json\/wp\/v2\/product"}],"about":[{"href":"https:\/\/www.lagazza.ch\/fr\/wp-json\/wp\/v2\/types\/product"}],"wp:featuredmedia":[{"embeddable":true,"href":"https:\/\/www.lagazza.ch\/fr\/wp-json\/wp\/v2\/media\/7694"}],"wp:attachment":[{"href":"https:\/\/www.lagazza.ch\/fr\/wp-json\/wp\/v2\/media?parent=8638"}],"wp:term":[{"taxonomy":"product_brand","embeddable":true,"href":"https:\/\/www.lagazza.ch\/fr\/wp-json\/wp\/v2\/product_brand?post=8638"},{"taxonomy":"product_cat","embeddable":true,"href":"https:\/\/www.lagazza.ch\/fr\/wp-json\/wp\/v2\/product_cat?post=8638"},{"taxonomy":"product_tag","embeddable":true,"href":"https:\/\/www.lagazza.ch\/fr\/wp-json\/wp\/v2\/product_tag?post=8638"}],"curies":[{"name":"wp","href":"https:\/\/api.w.org\/{rel}","templated":true}]}}