{"id":8637,"date":"2019-12-13T09:25:47","date_gmt":"2019-12-13T09:25:47","guid":{"rendered":"http:\/\/www.lagazza.ch\/?post_type=product&#038;p=8637"},"modified":"2025-09-01T09:17:32","modified_gmt":"2025-09-01T07:17:32","slug":"pesto-al-basilico-80-lg","status":"publish","type":"product","link":"https:\/\/www.lagazza.ch\/fr\/haendlershop\/tomatensaucen-pesto\/pesto-al-basilico-80-lg\/","title":{"rendered":"Pesto al basilico"},"content":{"rendered":"<p>Nous consid\u00e9rons ces pestos (ou plut\u00f4t pesti) comme une merveilleuse invention. Car o\u00f9 trouverait-on autrement un tel concentr\u00e9 de parfums m\u00e9diterran\u00e9ens ? Il est pr\u00e9f\u00e9rable de m\u00e9langer nos pesti \u00e0 froid et avec un peu d'huile d'olive extra vierge directement aux spaghettis, fettucine ou gnocchi.<\/p>\n<p>Un classique durable pour lequel seul le meilleur basilic de Ligurie est utilis\u00e9. Cette sauce a un go\u00fbt l\u00e9g\u00e8rement poivr\u00e9, indispensable pour un vrai pesto.<\/p>","protected":false},"excerpt":{"rendered":"<p><strong>Pesto de basilic<\/strong><br \/>\nIngr\u00e9dients : Basilic, huile d'olive, sel, pignons de pin, fromage \u00e0 p\u00e2te dure, ail.<\/p>","protected":false},"featured_media":7695,"template":"","meta":[],"product_brand":[],"product_cat":[658],"product_tag":[],"class_list":{"0":"post-8637","1":"product","2":"type-product","3":"status-publish","4":"has-post-thumbnail","6":"product_cat-tomatensaucen-pesto","7":"pa_ernaehrungsangaben-glutenfrei","8":"pa_ernaehrungsangaben-vegetarisch","9":"pa_marke-la-gazza","11":"first","12":"instock","13":"taxable","14":"shipping-taxable","15":"product-type-simple"},"_links":{"self":[{"href":"https:\/\/www.lagazza.ch\/fr\/wp-json\/wp\/v2\/product\/8637","targetHints":{"allow":["GET"]}}],"collection":[{"href":"https:\/\/www.lagazza.ch\/fr\/wp-json\/wp\/v2\/product"}],"about":[{"href":"https:\/\/www.lagazza.ch\/fr\/wp-json\/wp\/v2\/types\/product"}],"wp:featuredmedia":[{"embeddable":true,"href":"https:\/\/www.lagazza.ch\/fr\/wp-json\/wp\/v2\/media\/7695"}],"wp:attachment":[{"href":"https:\/\/www.lagazza.ch\/fr\/wp-json\/wp\/v2\/media?parent=8637"}],"wp:term":[{"taxonomy":"product_brand","embeddable":true,"href":"https:\/\/www.lagazza.ch\/fr\/wp-json\/wp\/v2\/product_brand?post=8637"},{"taxonomy":"product_cat","embeddable":true,"href":"https:\/\/www.lagazza.ch\/fr\/wp-json\/wp\/v2\/product_cat?post=8637"},{"taxonomy":"product_tag","embeddable":true,"href":"https:\/\/www.lagazza.ch\/fr\/wp-json\/wp\/v2\/product_tag?post=8637"}],"curies":[{"name":"wp","href":"https:\/\/api.w.org\/{rel}","templated":true}]}}