{"id":8634,"date":"2019-12-13T09:17:50","date_gmt":"2019-12-13T09:17:50","guid":{"rendered":"http:\/\/www.lagazza.ch\/?post_type=product&#038;p=8634"},"modified":"2025-09-01T09:12:10","modified_gmt":"2025-09-01T07:12:10","slug":"polpa-di-pomodoro-lg","status":"publish","type":"product","link":"https:\/\/www.lagazza.ch\/fr\/haendlershop\/tomatensaucen-pesto\/polpa-di-pomodoro-lg\/","title":{"rendered":"Polpa di pomodoro"},"content":{"rendered":"<p>Des tomates fra\u00eechement r\u00e9colt\u00e9es et m\u00fbries au soleil en provenance d'Italie sont coup\u00e9es en morceaux et remplies de jus de tomate avec du basilic et du sel.<\/p>","protected":false},"excerpt":{"rendered":"<p><strong>Pulpe de tomate au basilic<\/strong><br \/>\nIngr\u00e9dients : Tomates, basilic, sel.<\/p>","protected":false},"featured_media":7513,"template":"","meta":[],"product_brand":[],"product_cat":[658],"product_tag":[],"class_list":{"0":"post-8634","1":"product","2":"type-product","3":"status-publish","4":"has-post-thumbnail","6":"product_cat-tomatensaucen-pesto","7":"pa_ernaehrungsangaben-glutenfrei","8":"pa_ernaehrungsangaben-vegetarisch","9":"pa_ernaehrungsangaben-vegan","10":"pa_marke-la-gazza","12":"first","13":"instock","14":"taxable","15":"shipping-taxable","16":"product-type-simple"},"_links":{"self":[{"href":"https:\/\/www.lagazza.ch\/fr\/wp-json\/wp\/v2\/product\/8634","targetHints":{"allow":["GET"]}}],"collection":[{"href":"https:\/\/www.lagazza.ch\/fr\/wp-json\/wp\/v2\/product"}],"about":[{"href":"https:\/\/www.lagazza.ch\/fr\/wp-json\/wp\/v2\/types\/product"}],"wp:featuredmedia":[{"embeddable":true,"href":"https:\/\/www.lagazza.ch\/fr\/wp-json\/wp\/v2\/media\/7513"}],"wp:attachment":[{"href":"https:\/\/www.lagazza.ch\/fr\/wp-json\/wp\/v2\/media?parent=8634"}],"wp:term":[{"taxonomy":"product_brand","embeddable":true,"href":"https:\/\/www.lagazza.ch\/fr\/wp-json\/wp\/v2\/product_brand?post=8634"},{"taxonomy":"product_cat","embeddable":true,"href":"https:\/\/www.lagazza.ch\/fr\/wp-json\/wp\/v2\/product_cat?post=8634"},{"taxonomy":"product_tag","embeddable":true,"href":"https:\/\/www.lagazza.ch\/fr\/wp-json\/wp\/v2\/product_tag?post=8634"}],"curies":[{"name":"wp","href":"https:\/\/api.w.org\/{rel}","templated":true}]}}