{"id":8579,"date":"2019-12-13T07:17:24","date_gmt":"2019-12-13T07:17:24","guid":{"rendered":"http:\/\/www.lagazza.ch\/?post_type=product&#038;p=8579"},"modified":"2024-09-27T15:06:23","modified_gmt":"2024-09-27T13:06:23","slug":"bruschetta-alle-olive-lg","status":"publish","type":"product","link":"https:\/\/www.lagazza.ch\/fr\/haendlershop\/antipasti\/bruschetta-alle-olive-lg\/","title":{"rendered":"Bruschetta aux olives"},"content":{"rendered":"<p>Sauce \u00e0 base de tomates italiennes coup\u00e9es en d\u00e9s, d'ail, d'huile d'olive extra-vierge et d'origan avec des olives noires d\u00e9noyaut\u00e9es de la Riviera ;<br \/>\nExcellent sur les tranches de pain (crostini) ou pour assaisonner les p\u00e2tes.<\/p>","protected":false},"excerpt":{"rendered":"<p><strong>Tartinade de tomates aux olives<\/strong><br \/>\nIngr\u00e9dients : Tomates, olives, c\u00e2pres, huile d'olive extra vierge, sel, ail, fines herbes.<\/p>","protected":false},"featured_media":7696,"template":"","meta":[],"product_brand":[],"product_cat":[486],"product_tag":[],"class_list":{"0":"post-8579","1":"product","2":"type-product","3":"status-publish","4":"has-post-thumbnail","6":"product_cat-antipasti","7":"pa_ernaehrungsangaben-glutenfrei","8":"pa_ernaehrungsangaben-vegetarisch","9":"pa_ernaehrungsangaben-vegan","10":"pa_marke-la-gazza","12":"first","13":"instock","14":"taxable","15":"shipping-taxable","16":"product-type-simple"},"_links":{"self":[{"href":"https:\/\/www.lagazza.ch\/fr\/wp-json\/wp\/v2\/product\/8579","targetHints":{"allow":["GET"]}}],"collection":[{"href":"https:\/\/www.lagazza.ch\/fr\/wp-json\/wp\/v2\/product"}],"about":[{"href":"https:\/\/www.lagazza.ch\/fr\/wp-json\/wp\/v2\/types\/product"}],"wp:featuredmedia":[{"embeddable":true,"href":"https:\/\/www.lagazza.ch\/fr\/wp-json\/wp\/v2\/media\/7696"}],"wp:attachment":[{"href":"https:\/\/www.lagazza.ch\/fr\/wp-json\/wp\/v2\/media?parent=8579"}],"wp:term":[{"taxonomy":"product_brand","embeddable":true,"href":"https:\/\/www.lagazza.ch\/fr\/wp-json\/wp\/v2\/product_brand?post=8579"},{"taxonomy":"product_cat","embeddable":true,"href":"https:\/\/www.lagazza.ch\/fr\/wp-json\/wp\/v2\/product_cat?post=8579"},{"taxonomy":"product_tag","embeddable":true,"href":"https:\/\/www.lagazza.ch\/fr\/wp-json\/wp\/v2\/product_tag?post=8579"}],"curies":[{"name":"wp","href":"https:\/\/api.w.org\/{rel}","templated":true}]}}