{"id":8577,"date":"2019-12-13T07:14:50","date_gmt":"2019-12-13T07:14:50","guid":{"rendered":"http:\/\/www.lagazza.ch\/?post_type=product&#038;p=8577"},"modified":"2024-09-27T15:00:05","modified_gmt":"2024-09-27T13:00:05","slug":"pate-di-carciofi-e-tonno-lg","status":"publish","type":"product","link":"https:\/\/www.lagazza.ch\/fr\/haendlershop\/antipasti\/pate-di-carciofi-e-tonno-lg\/","title":{"rendered":"Pat\u00e8 di carciofi e tonno"},"content":{"rendered":"<p>Fabriqu\u00e9e \u00e0 partir de tendres c\u0153urs d'artichauts, de thon tr\u00e8s fin, d'anchois, de c\u00e2pres, d'herbes et d'huile d'olive, cette d\u00e9licieuse cr\u00e8me \u00e0 tartiner se pr\u00e9sente avec un agr\u00e9able go\u00fbt frais et acidul\u00e9. Id\u00e9ale pour tartiner des crostini, des chiacchiere et des lingue.<\/p>","protected":false},"excerpt":{"rendered":"<p><strong>P\u00e2te \u00e0 tartiner aux artichauts et au thon<\/strong><br \/>\nIngr\u00e9dients : Artichauts, thon, huile d'olive, anchois, c\u00e2pres, persil, sel.<\/p>","protected":false},"featured_media":7678,"template":"","meta":[],"product_brand":[],"product_cat":[486],"product_tag":[],"class_list":{"0":"post-8577","1":"product","2":"type-product","3":"status-publish","4":"has-post-thumbnail","6":"product_cat-antipasti","7":"pa_ernaehrungsangaben-glutenfrei","8":"pa_marke-la-gazza","10":"first","11":"instock","12":"taxable","13":"shipping-taxable","14":"product-type-simple"},"_links":{"self":[{"href":"https:\/\/www.lagazza.ch\/fr\/wp-json\/wp\/v2\/product\/8577","targetHints":{"allow":["GET"]}}],"collection":[{"href":"https:\/\/www.lagazza.ch\/fr\/wp-json\/wp\/v2\/product"}],"about":[{"href":"https:\/\/www.lagazza.ch\/fr\/wp-json\/wp\/v2\/types\/product"}],"wp:featuredmedia":[{"embeddable":true,"href":"https:\/\/www.lagazza.ch\/fr\/wp-json\/wp\/v2\/media\/7678"}],"wp:attachment":[{"href":"https:\/\/www.lagazza.ch\/fr\/wp-json\/wp\/v2\/media?parent=8577"}],"wp:term":[{"taxonomy":"product_brand","embeddable":true,"href":"https:\/\/www.lagazza.ch\/fr\/wp-json\/wp\/v2\/product_brand?post=8577"},{"taxonomy":"product_cat","embeddable":true,"href":"https:\/\/www.lagazza.ch\/fr\/wp-json\/wp\/v2\/product_cat?post=8577"},{"taxonomy":"product_tag","embeddable":true,"href":"https:\/\/www.lagazza.ch\/fr\/wp-json\/wp\/v2\/product_tag?post=8577"}],"curies":[{"name":"wp","href":"https:\/\/api.w.org\/{rel}","templated":true}]}}