{"id":8575,"date":"2019-12-13T07:12:33","date_gmt":"2019-12-13T07:12:33","guid":{"rendered":"http:\/\/www.lagazza.ch\/?post_type=product&#038;p=8575"},"modified":"2024-09-27T14:57:48","modified_gmt":"2024-09-27T12:57:48","slug":"pate-per-crostini-di-olive-verdi-lg","status":"publish","type":"product","link":"https:\/\/www.lagazza.ch\/fr\/haendlershop\/antipasti\/pate-per-crostini-di-olive-verdi-lg\/","title":{"rendered":"Pat\u00e8 per crostini di olive verdi"},"content":{"rendered":"<p>Notre p\u00e2te \u00e0 tartiner, qui n'utilise que les meilleures olives vertes de Toscane, des herbes fra\u00eeches et de l'huile d'olive, convient parfaitement pour \u00eatre servie sur des crostini, des chiacchiere et des lingue.<\/p>","protected":false},"excerpt":{"rendered":"<p><strong>P\u00e2te \u00e0 tartiner aux olives vertes<\/strong><br \/>\nIngr\u00e9dients : olives vertes, huile d'olive, sel, herbes aromatiques.<\/p>","protected":false},"featured_media":7690,"template":"","meta":[],"product_brand":[],"product_cat":[486],"product_tag":[],"class_list":{"0":"post-8575","1":"product","2":"type-product","3":"status-publish","4":"has-post-thumbnail","6":"product_cat-antipasti","7":"pa_ernaehrungsangaben-glutenfrei","8":"pa_ernaehrungsangaben-vegetarisch","9":"pa_ernaehrungsangaben-vegan","10":"pa_marke-la-gazza","12":"first","13":"instock","14":"taxable","15":"shipping-taxable","16":"product-type-simple"},"_links":{"self":[{"href":"https:\/\/www.lagazza.ch\/fr\/wp-json\/wp\/v2\/product\/8575","targetHints":{"allow":["GET"]}}],"collection":[{"href":"https:\/\/www.lagazza.ch\/fr\/wp-json\/wp\/v2\/product"}],"about":[{"href":"https:\/\/www.lagazza.ch\/fr\/wp-json\/wp\/v2\/types\/product"}],"wp:featuredmedia":[{"embeddable":true,"href":"https:\/\/www.lagazza.ch\/fr\/wp-json\/wp\/v2\/media\/7690"}],"wp:attachment":[{"href":"https:\/\/www.lagazza.ch\/fr\/wp-json\/wp\/v2\/media?parent=8575"}],"wp:term":[{"taxonomy":"product_brand","embeddable":true,"href":"https:\/\/www.lagazza.ch\/fr\/wp-json\/wp\/v2\/product_brand?post=8575"},{"taxonomy":"product_cat","embeddable":true,"href":"https:\/\/www.lagazza.ch\/fr\/wp-json\/wp\/v2\/product_cat?post=8575"},{"taxonomy":"product_tag","embeddable":true,"href":"https:\/\/www.lagazza.ch\/fr\/wp-json\/wp\/v2\/product_tag?post=8575"}],"curies":[{"name":"wp","href":"https:\/\/api.w.org\/{rel}","templated":true}]}}