{"id":8573,"date":"2019-12-13T07:10:12","date_gmt":"2019-12-13T07:10:12","guid":{"rendered":"http:\/\/www.lagazza.ch\/?post_type=product&#038;p=8573"},"modified":"2024-09-27T14:55:25","modified_gmt":"2024-09-27T12:55:25","slug":"pate-per-crostini-di-olive-nere-lg","status":"publish","type":"product","link":"https:\/\/www.lagazza.ch\/fr\/haendlershop\/antipasti\/pate-per-crostini-di-olive-nere-lg\/","title":{"rendered":"Pat\u00e8 per crostini di olive nere"},"content":{"rendered":"<p>Cette p\u00e2te \u00e0 tartiner cr\u00e9meuse pour crostini est obtenue \u00e0 partir d'olives noires fra\u00eechement r\u00e9colt\u00e9es et d'herbes italiennes, enrichies de la meilleure huile d'olive. Sa saveur douce et \u00e9pic\u00e9e est appr\u00e9ci\u00e9e pour affiner les plats de p\u00e2tes ou comme cr\u00e8me \u00e0 tartiner sur les crostini, les chiacchiere et les lingue.<\/p>","protected":false},"excerpt":{"rendered":"<p><strong>P\u00e2te \u00e0 tartiner aux olives noires<\/strong><br \/>\nIngr\u00e9dients : olives noires, huile d'olive, sel, herbes aromatiques.<\/p>","protected":false},"featured_media":7689,"template":"","meta":[],"product_brand":[],"product_cat":[486],"product_tag":[],"class_list":{"0":"post-8573","1":"product","2":"type-product","3":"status-publish","4":"has-post-thumbnail","6":"product_cat-antipasti","7":"pa_ernaehrungsangaben-glutenfrei","8":"pa_ernaehrungsangaben-vegetarisch","9":"pa_ernaehrungsangaben-vegan","10":"pa_marke-la-gazza","12":"first","13":"instock","14":"taxable","15":"shipping-taxable","16":"product-type-simple"},"_links":{"self":[{"href":"https:\/\/www.lagazza.ch\/fr\/wp-json\/wp\/v2\/product\/8573","targetHints":{"allow":["GET"]}}],"collection":[{"href":"https:\/\/www.lagazza.ch\/fr\/wp-json\/wp\/v2\/product"}],"about":[{"href":"https:\/\/www.lagazza.ch\/fr\/wp-json\/wp\/v2\/types\/product"}],"wp:featuredmedia":[{"embeddable":true,"href":"https:\/\/www.lagazza.ch\/fr\/wp-json\/wp\/v2\/media\/7689"}],"wp:attachment":[{"href":"https:\/\/www.lagazza.ch\/fr\/wp-json\/wp\/v2\/media?parent=8573"}],"wp:term":[{"taxonomy":"product_brand","embeddable":true,"href":"https:\/\/www.lagazza.ch\/fr\/wp-json\/wp\/v2\/product_brand?post=8573"},{"taxonomy":"product_cat","embeddable":true,"href":"https:\/\/www.lagazza.ch\/fr\/wp-json\/wp\/v2\/product_cat?post=8573"},{"taxonomy":"product_tag","embeddable":true,"href":"https:\/\/www.lagazza.ch\/fr\/wp-json\/wp\/v2\/product_tag?post=8573"}],"curies":[{"name":"wp","href":"https:\/\/api.w.org\/{rel}","templated":true}]}}