{"id":8569,"date":"2019-12-13T07:07:50","date_gmt":"2019-12-13T07:07:50","guid":{"rendered":"http:\/\/www.lagazza.ch\/?post_type=product&#038;p=8569"},"modified":"2024-09-27T14:49:08","modified_gmt":"2024-09-27T12:49:08","slug":"pate-per-crostini-peperoncino-e-tonno-lg","status":"publish","type":"product","link":"https:\/\/www.lagazza.ch\/fr\/haendlershop\/antipasti\/pate-per-crostini-peperoncino-e-tonno-lg\/","title":{"rendered":"Pat\u00e8 per crostini peperoncino e tonno"},"content":{"rendered":"<p>P\u00e2te \u00e0 tartiner l\u00e9g\u00e8rement piquante \u00e0 base de poivrons cerises fra\u00eechement r\u00e9colt\u00e9s et du meilleur thon, affin\u00e9e avec des anchois, des c\u00e2pres, du vinaigre de vin, des herbes aromatiques et de l'huile d'olive.<br \/>\nConvient tr\u00e8s bien pour les crostini, les chiacchiere et les lingue.<\/p>","protected":false},"excerpt":{"rendered":"<p><strong>P\u00e2te \u00e0 tartiner au chili et au thon<\/strong><br \/>\nIngr\u00e9dients : Piment, thon, huile d'olive, anchois, c\u00e2pres, fines herbes, sel.<\/p>","protected":false},"featured_media":7691,"template":"","meta":[],"product_brand":[],"product_cat":[486],"product_tag":[],"class_list":{"0":"post-8569","1":"product","2":"type-product","3":"status-publish","4":"has-post-thumbnail","6":"product_cat-antipasti","7":"pa_ernaehrungsangaben-glutenfrei","8":"pa_marke-la-gazza","10":"first","11":"instock","12":"taxable","13":"shipping-taxable","14":"product-type-simple"},"_links":{"self":[{"href":"https:\/\/www.lagazza.ch\/fr\/wp-json\/wp\/v2\/product\/8569","targetHints":{"allow":["GET"]}}],"collection":[{"href":"https:\/\/www.lagazza.ch\/fr\/wp-json\/wp\/v2\/product"}],"about":[{"href":"https:\/\/www.lagazza.ch\/fr\/wp-json\/wp\/v2\/types\/product"}],"wp:featuredmedia":[{"embeddable":true,"href":"https:\/\/www.lagazza.ch\/fr\/wp-json\/wp\/v2\/media\/7691"}],"wp:attachment":[{"href":"https:\/\/www.lagazza.ch\/fr\/wp-json\/wp\/v2\/media?parent=8569"}],"wp:term":[{"taxonomy":"product_brand","embeddable":true,"href":"https:\/\/www.lagazza.ch\/fr\/wp-json\/wp\/v2\/product_brand?post=8569"},{"taxonomy":"product_cat","embeddable":true,"href":"https:\/\/www.lagazza.ch\/fr\/wp-json\/wp\/v2\/product_cat?post=8569"},{"taxonomy":"product_tag","embeddable":true,"href":"https:\/\/www.lagazza.ch\/fr\/wp-json\/wp\/v2\/product_tag?post=8569"}],"curies":[{"name":"wp","href":"https:\/\/api.w.org\/{rel}","templated":true}]}}