{"id":8568,"date":"2019-12-13T07:04:17","date_gmt":"2019-12-13T07:04:17","guid":{"rendered":"http:\/\/www.lagazza.ch\/?post_type=product&#038;p=8568"},"modified":"2024-09-27T14:41:11","modified_gmt":"2024-09-27T12:41:11","slug":"pate-per-crostini-di-pomodori-secchi-lg","status":"publish","type":"product","link":"https:\/\/www.lagazza.ch\/fr\/haendlershop\/antipasti\/pate-per-crostini-di-pomodori-secchi-lg\/","title":{"rendered":"Pat\u00e8 per crostini di pomodori secchi (pain aux tomates s\u00e9ch\u00e9es)"},"content":{"rendered":"<p>Une p\u00e2te \u00e0 tartiner pour crostini \u00e0 base de tomates fra\u00eeches et s\u00e9ch\u00e9es au soleil, d'herbes aromatiques et d'huile d'olive. Son ar\u00f4me \u00e9pic\u00e9 et sa douceur prononc\u00e9e en font une cr\u00e8me \u00e0 tartiner sur les crostini, les chiacchiere et les lingue, mais aussi pour agr\u00e9menter les p\u00e2tes.<\/p>","protected":false},"excerpt":{"rendered":"<p><strong>P\u00e2te \u00e0 tartiner aux tomates s\u00e9ch\u00e9es au soleil<\/strong><br \/>\nIngr\u00e9dients : Tomates, tomates s\u00e9ch\u00e9es, huile d'olive, ail, sucre, herbes, piment, sel.<\/p>","protected":false},"featured_media":7692,"template":"","meta":[],"product_brand":[],"product_cat":[486],"product_tag":[],"class_list":{"0":"post-8568","1":"product","2":"type-product","3":"status-publish","4":"has-post-thumbnail","6":"product_cat-antipasti","7":"pa_ernaehrungsangaben-glutenfrei","8":"pa_ernaehrungsangaben-vegetarisch","9":"pa_ernaehrungsangaben-vegan","10":"pa_marke-la-gazza","12":"first","13":"instock","14":"taxable","15":"shipping-taxable","16":"product-type-simple"},"_links":{"self":[{"href":"https:\/\/www.lagazza.ch\/fr\/wp-json\/wp\/v2\/product\/8568","targetHints":{"allow":["GET"]}}],"collection":[{"href":"https:\/\/www.lagazza.ch\/fr\/wp-json\/wp\/v2\/product"}],"about":[{"href":"https:\/\/www.lagazza.ch\/fr\/wp-json\/wp\/v2\/types\/product"}],"wp:featuredmedia":[{"embeddable":true,"href":"https:\/\/www.lagazza.ch\/fr\/wp-json\/wp\/v2\/media\/7692"}],"wp:attachment":[{"href":"https:\/\/www.lagazza.ch\/fr\/wp-json\/wp\/v2\/media?parent=8568"}],"wp:term":[{"taxonomy":"product_brand","embeddable":true,"href":"https:\/\/www.lagazza.ch\/fr\/wp-json\/wp\/v2\/product_brand?post=8568"},{"taxonomy":"product_cat","embeddable":true,"href":"https:\/\/www.lagazza.ch\/fr\/wp-json\/wp\/v2\/product_cat?post=8568"},{"taxonomy":"product_tag","embeddable":true,"href":"https:\/\/www.lagazza.ch\/fr\/wp-json\/wp\/v2\/product_tag?post=8568"}],"curies":[{"name":"wp","href":"https:\/\/api.w.org\/{rel}","templated":true}]}}