{"id":8546,"date":"2019-12-12T16:26:10","date_gmt":"2019-12-12T16:26:10","guid":{"rendered":"http:\/\/www.lagazza.ch\/?post_type=product&#038;p=8546"},"modified":"2024-08-29T14:56:53","modified_gmt":"2024-08-29T14:56:53","slug":"olive-nere-lg","status":"publish","type":"product","link":"https:\/\/www.lagazza.ch\/fr\/haendlershop\/antipasti\/olive-nere-lg\/","title":{"rendered":"Olive nere"},"content":{"rendered":"<p>Les bonnes relations que nous entretenons depuis des ann\u00e9es avec nos producteurs nous garantissent que seule la meilleure qualit\u00e9 d'olives est utilis\u00e9e pour nos produits. En saumure, dans l'huile d'olive ou sous forme de cr\u00e8mes, elles enrichissent tous les repas et sont incontournables dans la cuisine m\u00e9diterran\u00e9enne.<\/p>\n<p>Les petites olives noires d\u00e9noyaut\u00e9es ont un go\u00fbt particuli\u00e8rement relev\u00e9 et puissant. Apr\u00e8s avoir \u00e9t\u00e9 tri\u00e9es et lav\u00e9es, elles sont directement mises en saumure (eau et sel dans les bonnes proportions).<\/p>","protected":false},"excerpt":{"rendered":"<p><strong>Olives noires d\u00e9noyaut\u00e9es en saumure<\/strong><br \/>\nIngr\u00e9dients : olives noires, saumure.<\/p>","protected":false},"featured_media":7445,"template":"","meta":[],"product_brand":[],"product_cat":[486],"product_tag":[],"class_list":{"0":"post-8546","1":"product","2":"type-product","3":"status-publish","4":"has-post-thumbnail","6":"product_cat-antipasti","7":"pa_ernaehrungsangaben-glutenfrei","8":"pa_ernaehrungsangaben-vegetarisch","9":"pa_ernaehrungsangaben-vegan","10":"pa_marke-la-gazza","12":"first","13":"instock","14":"taxable","15":"shipping-taxable","16":"product-type-simple"},"_links":{"self":[{"href":"https:\/\/www.lagazza.ch\/fr\/wp-json\/wp\/v2\/product\/8546","targetHints":{"allow":["GET"]}}],"collection":[{"href":"https:\/\/www.lagazza.ch\/fr\/wp-json\/wp\/v2\/product"}],"about":[{"href":"https:\/\/www.lagazza.ch\/fr\/wp-json\/wp\/v2\/types\/product"}],"wp:featuredmedia":[{"embeddable":true,"href":"https:\/\/www.lagazza.ch\/fr\/wp-json\/wp\/v2\/media\/7445"}],"wp:attachment":[{"href":"https:\/\/www.lagazza.ch\/fr\/wp-json\/wp\/v2\/media?parent=8546"}],"wp:term":[{"taxonomy":"product_brand","embeddable":true,"href":"https:\/\/www.lagazza.ch\/fr\/wp-json\/wp\/v2\/product_brand?post=8546"},{"taxonomy":"product_cat","embeddable":true,"href":"https:\/\/www.lagazza.ch\/fr\/wp-json\/wp\/v2\/product_cat?post=8546"},{"taxonomy":"product_tag","embeddable":true,"href":"https:\/\/www.lagazza.ch\/fr\/wp-json\/wp\/v2\/product_tag?post=8546"}],"curies":[{"name":"wp","href":"https:\/\/api.w.org\/{rel}","templated":true}]}}