{"id":8544,"date":"2019-12-12T16:17:51","date_gmt":"2019-12-12T16:17:51","guid":{"rendered":"http:\/\/www.lagazza.ch\/?post_type=product&#038;p=8544"},"modified":"2024-08-30T10:47:21","modified_gmt":"2024-08-30T10:47:21","slug":"melanzane-alla-griglia-lg","status":"publish","type":"product","link":"https:\/\/www.lagazza.ch\/fr\/haendlershop\/antipasti\/melanzane-alla-griglia-lg\/","title":{"rendered":"Melanzane alla griglia"},"content":{"rendered":"<p>Les aubergines fra\u00eeches, r\u00e9colt\u00e9es \u00e0 la main, sont coup\u00e9es en tranches et grill\u00e9es lentement sur des braises chaudes, ce qui leur conf\u00e8re une texture douce et fum\u00e9e. Mis en bocaux, recouverts d'huile, ils conservent leur fra\u00eecheur.<\/p>","protected":false},"excerpt":{"rendered":"<p><strong>Aubergines grill\u00e9es \u00e0 l'huile<\/strong><br \/>\nIngr\u00e9dients : Aubergines, huile de tournesol, huile d'olive extra vierge, fines herbes, sel.<\/p>","protected":false},"featured_media":7542,"template":"","meta":[],"product_brand":[],"product_cat":[486],"product_tag":[],"class_list":{"0":"post-8544","1":"product","2":"type-product","3":"status-publish","4":"has-post-thumbnail","6":"product_cat-antipasti","7":"pa_ernaehrungsangaben-glutenfrei","8":"pa_ernaehrungsangaben-vegetarisch","9":"pa_ernaehrungsangaben-vegan","10":"pa_marke-la-gazza","12":"first","13":"instock","14":"taxable","15":"shipping-taxable","16":"product-type-simple"},"_links":{"self":[{"href":"https:\/\/www.lagazza.ch\/fr\/wp-json\/wp\/v2\/product\/8544","targetHints":{"allow":["GET"]}}],"collection":[{"href":"https:\/\/www.lagazza.ch\/fr\/wp-json\/wp\/v2\/product"}],"about":[{"href":"https:\/\/www.lagazza.ch\/fr\/wp-json\/wp\/v2\/types\/product"}],"wp:featuredmedia":[{"embeddable":true,"href":"https:\/\/www.lagazza.ch\/fr\/wp-json\/wp\/v2\/media\/7542"}],"wp:attachment":[{"href":"https:\/\/www.lagazza.ch\/fr\/wp-json\/wp\/v2\/media?parent=8544"}],"wp:term":[{"taxonomy":"product_brand","embeddable":true,"href":"https:\/\/www.lagazza.ch\/fr\/wp-json\/wp\/v2\/product_brand?post=8544"},{"taxonomy":"product_cat","embeddable":true,"href":"https:\/\/www.lagazza.ch\/fr\/wp-json\/wp\/v2\/product_cat?post=8544"},{"taxonomy":"product_tag","embeddable":true,"href":"https:\/\/www.lagazza.ch\/fr\/wp-json\/wp\/v2\/product_tag?post=8544"}],"curies":[{"name":"wp","href":"https:\/\/api.w.org\/{rel}","templated":true}]}}