{"id":8540,"date":"2019-12-12T16:14:08","date_gmt":"2019-12-12T16:14:08","guid":{"rendered":"http:\/\/www.lagazza.ch\/?post_type=product&#038;p=8540"},"modified":"2024-08-30T08:36:02","modified_gmt":"2024-08-30T08:36:02","slug":"peperoni-alla-griglia-senza-pelle-lg","status":"publish","type":"product","link":"https:\/\/www.lagazza.ch\/fr\/haendlershop\/antipasti\/peperoni-alla-griglia-senza-pelle-lg\/","title":{"rendered":"Poivrons \u00e0 la sauce senza pelle"},"content":{"rendered":"<p>Les poivrons frais, r\u00e9colt\u00e9s \u00e0 la main, sont lentement grill\u00e9s sur des braises chaudes. Cela leur conf\u00e8re un doux parfum. La peau est ensuite retir\u00e9e, ce qui rend leur consommation plus l\u00e9g\u00e8re et plus digeste. Mis en bocaux et recouverts d'huile, ils conservent leur fra\u00eecheur.<\/p>","protected":false},"excerpt":{"rendered":"<p><strong>Poivrons l\u00e9gumes grill\u00e9s sans peau \u00e0 l'huile<\/strong><br \/>\nIngr\u00e9dients : Poivrons doux, huile de tournesol, huile d'olive extra vierge, sucre, fines herbes, sel.<\/p>","protected":false},"featured_media":7541,"template":"","meta":[],"product_brand":[],"product_cat":[486],"product_tag":[],"class_list":{"0":"post-8540","1":"product","2":"type-product","3":"status-publish","4":"has-post-thumbnail","6":"product_cat-antipasti","7":"pa_ernaehrungsangaben-glutenfrei","8":"pa_ernaehrungsangaben-vegetarisch","9":"pa_ernaehrungsangaben-vegan","10":"pa_marke-la-gazza","12":"first","13":"instock","14":"taxable","15":"shipping-taxable","16":"product-type-simple"},"_links":{"self":[{"href":"https:\/\/www.lagazza.ch\/fr\/wp-json\/wp\/v2\/product\/8540","targetHints":{"allow":["GET"]}}],"collection":[{"href":"https:\/\/www.lagazza.ch\/fr\/wp-json\/wp\/v2\/product"}],"about":[{"href":"https:\/\/www.lagazza.ch\/fr\/wp-json\/wp\/v2\/types\/product"}],"wp:featuredmedia":[{"embeddable":true,"href":"https:\/\/www.lagazza.ch\/fr\/wp-json\/wp\/v2\/media\/7541"}],"wp:attachment":[{"href":"https:\/\/www.lagazza.ch\/fr\/wp-json\/wp\/v2\/media?parent=8540"}],"wp:term":[{"taxonomy":"product_brand","embeddable":true,"href":"https:\/\/www.lagazza.ch\/fr\/wp-json\/wp\/v2\/product_brand?post=8540"},{"taxonomy":"product_cat","embeddable":true,"href":"https:\/\/www.lagazza.ch\/fr\/wp-json\/wp\/v2\/product_cat?post=8540"},{"taxonomy":"product_tag","embeddable":true,"href":"https:\/\/www.lagazza.ch\/fr\/wp-json\/wp\/v2\/product_tag?post=8540"}],"curies":[{"name":"wp","href":"https:\/\/api.w.org\/{rel}","templated":true}]}}