{"id":8526,"date":"2019-12-12T15:34:38","date_gmt":"2019-12-12T15:34:38","guid":{"rendered":"http:\/\/www.lagazza.ch\/?post_type=product&#038;p=8526"},"modified":"2025-09-01T08:46:21","modified_gmt":"2025-09-01T06:46:21","slug":"olio-extravergine-di-oliva-i-trulli-lg","status":"publish","type":"product","link":"https:\/\/www.lagazza.ch\/fr\/haendlershop\/olivenoele\/olio-extravergine-di-oliva-i-trulli-lg\/","title":{"rendered":"Olio extravergine di oliva \"I Trulli\" (huile d'olive vierge extra)"},"content":{"rendered":"<p>Toutes nos huiles d'olive sont de premi\u00e8re pression \u00e0 froid et ne sont produites qu'\u00e0 partir d'olives de premi\u00e8re qualit\u00e9 et de qualit\u00e9 irr\u00e9prochable. Les huiles proviennent de diff\u00e9rentes r\u00e9gions d'Italie et ont toutes des caract\u00e8res bien particuliers.<\/p>\n<p>Avec quelques-unes des plus belles oliveraies d'Italie, les Pouilles sont la plus grande r\u00e9gion productrice d'huile d'olive. Notre huile, I'Trulli, est produite \u00e0 partir des vari\u00e9t\u00e9s Cima di Bitonto et Coratina. Cette huile se caract\u00e9rise par sa note poivr\u00e9e et son agr\u00e9able go\u00fbt d'amande et doit \u00eatre utilis\u00e9e avec parcimonie.<\/p>","protected":false},"excerpt":{"rendered":"<p><strong>Huile d'olive extra vierge<\/strong><br \/>\n100% Olives italiennes, extraction \u00e0 froid, premi\u00e8re cat\u00e9gorie, obtenues directement des olives exclusivement par des proc\u00e9d\u00e9s m\u00e9caniques.<\/p>","protected":false},"featured_media":7701,"template":"","meta":[],"product_brand":[],"product_cat":[728],"product_tag":[],"class_list":{"0":"post-8526","1":"product","2":"type-product","3":"status-publish","4":"has-post-thumbnail","6":"product_cat-olivenoele","7":"pa_ernaehrungsangaben-glutenfrei","8":"pa_ernaehrungsangaben-vegetarisch","9":"pa_ernaehrungsangaben-vegan","10":"pa_marke-la-gazza","12":"first","13":"instock","14":"taxable","15":"shipping-taxable","16":"product-type-simple"},"_links":{"self":[{"href":"https:\/\/www.lagazza.ch\/fr\/wp-json\/wp\/v2\/product\/8526","targetHints":{"allow":["GET"]}}],"collection":[{"href":"https:\/\/www.lagazza.ch\/fr\/wp-json\/wp\/v2\/product"}],"about":[{"href":"https:\/\/www.lagazza.ch\/fr\/wp-json\/wp\/v2\/types\/product"}],"wp:featuredmedia":[{"embeddable":true,"href":"https:\/\/www.lagazza.ch\/fr\/wp-json\/wp\/v2\/media\/7701"}],"wp:attachment":[{"href":"https:\/\/www.lagazza.ch\/fr\/wp-json\/wp\/v2\/media?parent=8526"}],"wp:term":[{"taxonomy":"product_brand","embeddable":true,"href":"https:\/\/www.lagazza.ch\/fr\/wp-json\/wp\/v2\/product_brand?post=8526"},{"taxonomy":"product_cat","embeddable":true,"href":"https:\/\/www.lagazza.ch\/fr\/wp-json\/wp\/v2\/product_cat?post=8526"},{"taxonomy":"product_tag","embeddable":true,"href":"https:\/\/www.lagazza.ch\/fr\/wp-json\/wp\/v2\/product_tag?post=8526"}],"curies":[{"name":"wp","href":"https:\/\/api.w.org\/{rel}","templated":true}]}}