{"id":8071,"date":"2019-11-28T16:01:02","date_gmt":"2019-11-28T16:01:02","guid":{"rendered":"http:\/\/www.lagazza.ch\/?post_type=product&#038;p=8071"},"modified":"2025-09-01T09:32:06","modified_gmt":"2025-09-01T07:32:06","slug":"baci-al-cioccolato","status":"publish","type":"product","link":"https:\/\/www.lagazza.ch\/fr\/haendlershop\/dolci\/baci-al-cioccolato\/","title":{"rendered":"Baci al cioccolato"},"content":{"rendered":"<p>Nos biscuits au chocolat sont une variante du \"bacio di dama\", un produit typiquement pi\u00e9montais. On dit qu'ils s'appellent ainsi parce qu'ils sont constitu\u00e9s de deux coques de biscuits recouvertes de chocolat noir, \u00e9voquant deux l\u00e8vres qui veulent s'embrasser. Dans notre variante, des noisettes IGP et du cacao sont ajout\u00e9s.<\/p>","protected":false},"excerpt":{"rendered":"<p><strong>Baisers au chocolat<\/strong><br \/>\nIngr\u00e9dients : farine de bl\u00e9, sucre, beurre, noisettes, cacao, jaune d'\u0153uf, rhum.<\/p>","protected":false},"featured_media":7799,"template":"","meta":[],"product_brand":[],"product_cat":[483],"product_tag":[],"class_list":{"0":"post-8071","1":"product","2":"type-product","3":"status-publish","4":"has-post-thumbnail","6":"product_cat-dolci","7":"pa_ernaehrungsangaben-vegetarisch","8":"pa_marke-cascina-san-giovanni","10":"first","11":"instock","12":"taxable","13":"shipping-taxable","14":"product-type-simple"},"_links":{"self":[{"href":"https:\/\/www.lagazza.ch\/fr\/wp-json\/wp\/v2\/product\/8071","targetHints":{"allow":["GET"]}}],"collection":[{"href":"https:\/\/www.lagazza.ch\/fr\/wp-json\/wp\/v2\/product"}],"about":[{"href":"https:\/\/www.lagazza.ch\/fr\/wp-json\/wp\/v2\/types\/product"}],"wp:featuredmedia":[{"embeddable":true,"href":"https:\/\/www.lagazza.ch\/fr\/wp-json\/wp\/v2\/media\/7799"}],"wp:attachment":[{"href":"https:\/\/www.lagazza.ch\/fr\/wp-json\/wp\/v2\/media?parent=8071"}],"wp:term":[{"taxonomy":"product_brand","embeddable":true,"href":"https:\/\/www.lagazza.ch\/fr\/wp-json\/wp\/v2\/product_brand?post=8071"},{"taxonomy":"product_cat","embeddable":true,"href":"https:\/\/www.lagazza.ch\/fr\/wp-json\/wp\/v2\/product_cat?post=8071"},{"taxonomy":"product_tag","embeddable":true,"href":"https:\/\/www.lagazza.ch\/fr\/wp-json\/wp\/v2\/product_tag?post=8071"}],"curies":[{"name":"wp","href":"https:\/\/api.w.org\/{rel}","templated":true}]}}