{"id":8070,"date":"2019-11-28T15:58:22","date_gmt":"2019-11-28T15:58:22","guid":{"rendered":"http:\/\/www.lagazza.ch\/?post_type=product&#038;p=8070"},"modified":"2025-09-01T09:31:13","modified_gmt":"2025-09-01T07:31:13","slug":"meringhe-alla-mandorla","status":"publish","type":"product","link":"https:\/\/www.lagazza.ch\/fr\/haendlershop\/dolci\/meringhe-alla-mandorla\/","title":{"rendered":"Meringhe alla mandorla"},"content":{"rendered":"<p>La meringue est une pr\u00e9paration sucr\u00e9e \u00e0 base de blancs d'\u0153ufs frais mont\u00e9s en neige et de sucre en poudre. C'est un dessert populaire dans toute l'Italie, bien qu'il soit li\u00e9 aux traditions pi\u00e9montaises. Nous ajoutons \u00e0 la p\u00e2te deux qualit\u00e9s diff\u00e9rentes de fruits \u00e0 coque : des noisettes IGP du Pi\u00e9mont ou des amandes. Celles-ci rendent ce dessert l\u00e9ger et croustillant.<\/p>","protected":false},"excerpt":{"rendered":"<p><strong>Meringues aux amandes<\/strong><br \/>\nIngr\u00e9dients : Sucre, amandes, blanc d'\u0153uf, chocolat.<\/p>","protected":false},"featured_media":7421,"template":"","meta":[],"product_brand":[],"product_cat":[483],"product_tag":[],"class_list":{"0":"post-8070","1":"product","2":"type-product","3":"status-publish","4":"has-post-thumbnail","6":"product_cat-dolci","7":"pa_ernaehrungsangaben-glutenfrei","8":"pa_ernaehrungsangaben-vegetarisch","9":"pa_marke-cascina-san-giovanni","11":"first","12":"instock","13":"taxable","14":"shipping-taxable","15":"product-type-simple"},"_links":{"self":[{"href":"https:\/\/www.lagazza.ch\/fr\/wp-json\/wp\/v2\/product\/8070","targetHints":{"allow":["GET"]}}],"collection":[{"href":"https:\/\/www.lagazza.ch\/fr\/wp-json\/wp\/v2\/product"}],"about":[{"href":"https:\/\/www.lagazza.ch\/fr\/wp-json\/wp\/v2\/types\/product"}],"wp:featuredmedia":[{"embeddable":true,"href":"https:\/\/www.lagazza.ch\/fr\/wp-json\/wp\/v2\/media\/7421"}],"wp:attachment":[{"href":"https:\/\/www.lagazza.ch\/fr\/wp-json\/wp\/v2\/media?parent=8070"}],"wp:term":[{"taxonomy":"product_brand","embeddable":true,"href":"https:\/\/www.lagazza.ch\/fr\/wp-json\/wp\/v2\/product_brand?post=8070"},{"taxonomy":"product_cat","embeddable":true,"href":"https:\/\/www.lagazza.ch\/fr\/wp-json\/wp\/v2\/product_cat?post=8070"},{"taxonomy":"product_tag","embeddable":true,"href":"https:\/\/www.lagazza.ch\/fr\/wp-json\/wp\/v2\/product_tag?post=8070"}],"curies":[{"name":"wp","href":"https:\/\/api.w.org\/{rel}","templated":true}]}}