{"id":8022,"date":"2019-11-28T09:37:15","date_gmt":"2019-11-28T09:37:15","guid":{"rendered":"http:\/\/www.lagazza.ch\/?post_type=product&#038;p=8022"},"modified":"2024-09-30T11:36:36","modified_gmt":"2024-09-30T09:36:36","slug":"pomodori-pelati-bio","status":"publish","type":"product","link":"https:\/\/www.lagazza.ch\/fr\/haendlershop\/tomatensaucen-pesto\/pomodori-pelati-bio\/","title":{"rendered":"Pomodori pelati Bio"},"content":{"rendered":"<p>Notre ligne bio est produite dans la province de Livourne par une entreprise familiale, avec soin et amour du m\u00e9tier. Les tomates proviennent d'exploitations agricoles toscanes certifi\u00e9es, elles sont fra\u00eechement r\u00e9colt\u00e9es et rapidement transform\u00e9es, pel\u00e9es et cuites enti\u00e8res \u00e0 basse temp\u00e9rature afin de pr\u00e9server leur ar\u00f4me naturel.<\/p>","protected":false},"excerpt":{"rendered":"<p><strong>Tomates pel\u00e9es<\/strong><br \/>\nIngr\u00e9dients : Tomates pel\u00e9es 100% italiennes.<\/p>","protected":false},"featured_media":7457,"template":"","meta":[],"product_brand":[],"product_cat":[658],"product_tag":[],"class_list":{"0":"post-8022","1":"product","2":"type-product","3":"status-publish","4":"has-post-thumbnail","6":"product_cat-tomatensaucen-pesto","7":"pa_ernaehrungsangaben-glutenfrei","8":"pa_ernaehrungsangaben-biologisch","9":"pa_ernaehrungsangaben-vegetarisch","10":"pa_ernaehrungsangaben-vegan","11":"pa_marke-cascina-san-giovanni","13":"first","14":"instock","15":"taxable","16":"shipping-taxable","17":"product-type-simple"},"_links":{"self":[{"href":"https:\/\/www.lagazza.ch\/fr\/wp-json\/wp\/v2\/product\/8022","targetHints":{"allow":["GET"]}}],"collection":[{"href":"https:\/\/www.lagazza.ch\/fr\/wp-json\/wp\/v2\/product"}],"about":[{"href":"https:\/\/www.lagazza.ch\/fr\/wp-json\/wp\/v2\/types\/product"}],"wp:featuredmedia":[{"embeddable":true,"href":"https:\/\/www.lagazza.ch\/fr\/wp-json\/wp\/v2\/media\/7457"}],"wp:attachment":[{"href":"https:\/\/www.lagazza.ch\/fr\/wp-json\/wp\/v2\/media?parent=8022"}],"wp:term":[{"taxonomy":"product_brand","embeddable":true,"href":"https:\/\/www.lagazza.ch\/fr\/wp-json\/wp\/v2\/product_brand?post=8022"},{"taxonomy":"product_cat","embeddable":true,"href":"https:\/\/www.lagazza.ch\/fr\/wp-json\/wp\/v2\/product_cat?post=8022"},{"taxonomy":"product_tag","embeddable":true,"href":"https:\/\/www.lagazza.ch\/fr\/wp-json\/wp\/v2\/product_tag?post=8022"}],"curies":[{"name":"wp","href":"https:\/\/api.w.org\/{rel}","templated":true}]}}