{"id":7212,"date":"2019-11-14T12:53:33","date_gmt":"2019-11-14T12:53:33","guid":{"rendered":"http:\/\/www.lagazza.ch\/?post_type=product&#038;p=7212"},"modified":"2025-09-01T08:50:10","modified_gmt":"2025-09-01T06:50:10","slug":"olio-extravergine-di-oliva-175-csg","status":"publish","type":"product","link":"https:\/\/www.lagazza.ch\/fr\/haendlershop\/olivenoele\/olio-extravergine-di-oliva-175-csg\/","title":{"rendered":"Olio extravergine di oliva"},"content":{"rendered":"<p>Toutes nos huiles d'olive sont de premi\u00e8re pression \u00e0 froid et ne sont produites qu'\u00e0 partir d'olives de premi\u00e8re qualit\u00e9 et de qualit\u00e9 irr\u00e9prochable. Les huiles proviennent de diff\u00e9rentes r\u00e9gions d'Italie et ont toutes des caract\u00e8res bien particuliers.<\/p>\n<p>Cette huile d'olive press\u00e9e \u00e0 froid est obtenue \u00e0 partir de vari\u00e9t\u00e9s mixtes des Pouilles, principalement l'Ogliarola et la Cellina, r\u00e9colt\u00e9es et press\u00e9es en octobre et novembre sur des arbres centenaires. Son go\u00fbt l\u00e9g\u00e8rement fruit\u00e9 et son ar\u00f4me d'olives m\u00fbres la rendent parfaite pour les plats cuits et crus.<\/p>","protected":false},"excerpt":{"rendered":"<p><strong>Huile d'olive extra vierge<\/strong><br \/>\nExtraction \u00e0 froid, premi\u00e8re cat\u00e9gorie, obtenue directement \u00e0 partir d'olives, exclusivement par des proc\u00e9d\u00e9s m\u00e9caniques. M\u00e9lange d'huiles d'olive provenant de l'Union europ\u00e9enne.<\/p>","protected":false},"featured_media":9114,"template":"","meta":[],"product_brand":[],"product_cat":[728],"product_tag":[],"class_list":{"0":"post-7212","1":"product","2":"type-product","3":"status-publish","4":"has-post-thumbnail","6":"product_cat-olivenoele","7":"pa_ernaehrungsangaben-glutenfrei","8":"pa_ernaehrungsangaben-vegetarisch","9":"pa_ernaehrungsangaben-vegan","10":"pa_marke-cascina-san-giovanni","12":"first","13":"instock","14":"taxable","15":"shipping-taxable","16":"product-type-simple"},"_links":{"self":[{"href":"https:\/\/www.lagazza.ch\/fr\/wp-json\/wp\/v2\/product\/7212","targetHints":{"allow":["GET"]}}],"collection":[{"href":"https:\/\/www.lagazza.ch\/fr\/wp-json\/wp\/v2\/product"}],"about":[{"href":"https:\/\/www.lagazza.ch\/fr\/wp-json\/wp\/v2\/types\/product"}],"wp:featuredmedia":[{"embeddable":true,"href":"https:\/\/www.lagazza.ch\/fr\/wp-json\/wp\/v2\/media\/9114"}],"wp:attachment":[{"href":"https:\/\/www.lagazza.ch\/fr\/wp-json\/wp\/v2\/media?parent=7212"}],"wp:term":[{"taxonomy":"product_brand","embeddable":true,"href":"https:\/\/www.lagazza.ch\/fr\/wp-json\/wp\/v2\/product_brand?post=7212"},{"taxonomy":"product_cat","embeddable":true,"href":"https:\/\/www.lagazza.ch\/fr\/wp-json\/wp\/v2\/product_cat?post=7212"},{"taxonomy":"product_tag","embeddable":true,"href":"https:\/\/www.lagazza.ch\/fr\/wp-json\/wp\/v2\/product_tag?post=7212"}],"curies":[{"name":"wp","href":"https:\/\/api.w.org\/{rel}","templated":true}]}}