{"id":6217,"date":"2018-03-23T14:40:26","date_gmt":"2018-03-23T14:40:26","guid":{"rendered":"https:\/\/www.lagazza.com\/?post_type=product&#038;p=6217"},"modified":"2024-09-27T15:12:22","modified_gmt":"2024-09-27T13:12:22","slug":"crema-ai-fiori-d-aglio","status":"publish","type":"product","link":"https:\/\/www.lagazza.ch\/fr\/haendlershop\/antipasti\/crema-ai-fiori-d-aglio\/","title":{"rendered":"Crema ai fiori d'aglio (cr\u00e8me aux fleurs d'agneau)"},"content":{"rendered":"<p>La cr\u00e8me de fleurs d'ail est obtenue \u00e0 partir des tiges de fleurs et conserve toutes les propri\u00e9t\u00e9s saines de l'ail, tout en ayant un go\u00fbt plus d\u00e9licat. Une cr\u00e8me d\u00e9licate parfaitement adapt\u00e9e pour \u00eatre tartin\u00e9e sur des crostini, des chiacchiere et des lingue ou pour agr\u00e9menter diverses entr\u00e9es et plats principaux.<\/p>","protected":false},"excerpt":{"rendered":"<p><strong>P\u00e2te \u00e0 tartiner \u00e0 la fleur d'ail<\/strong><br \/>\nIngr\u00e9dients : Fleurs d'ail, huile de tournesol, sel.<\/p>","protected":false},"featured_media":7568,"template":"","meta":[],"product_brand":[],"product_cat":[486],"product_tag":[],"class_list":{"0":"post-6217","1":"product","2":"type-product","3":"status-publish","4":"has-post-thumbnail","6":"product_cat-antipasti","7":"pa_ernaehrungsangaben-glutenfrei","8":"pa_ernaehrungsangaben-vegetarisch","9":"pa_ernaehrungsangaben-vegan","10":"pa_marke-cascina-san-giovanni","12":"first","13":"instock","14":"taxable","15":"shipping-taxable","16":"product-type-simple"},"_links":{"self":[{"href":"https:\/\/www.lagazza.ch\/fr\/wp-json\/wp\/v2\/product\/6217","targetHints":{"allow":["GET"]}}],"collection":[{"href":"https:\/\/www.lagazza.ch\/fr\/wp-json\/wp\/v2\/product"}],"about":[{"href":"https:\/\/www.lagazza.ch\/fr\/wp-json\/wp\/v2\/types\/product"}],"wp:featuredmedia":[{"embeddable":true,"href":"https:\/\/www.lagazza.ch\/fr\/wp-json\/wp\/v2\/media\/7568"}],"wp:attachment":[{"href":"https:\/\/www.lagazza.ch\/fr\/wp-json\/wp\/v2\/media?parent=6217"}],"wp:term":[{"taxonomy":"product_brand","embeddable":true,"href":"https:\/\/www.lagazza.ch\/fr\/wp-json\/wp\/v2\/product_brand?post=6217"},{"taxonomy":"product_cat","embeddable":true,"href":"https:\/\/www.lagazza.ch\/fr\/wp-json\/wp\/v2\/product_cat?post=6217"},{"taxonomy":"product_tag","embeddable":true,"href":"https:\/\/www.lagazza.ch\/fr\/wp-json\/wp\/v2\/product_tag?post=6217"}],"curies":[{"name":"wp","href":"https:\/\/api.w.org\/{rel}","templated":true}]}}