{"id":6211,"date":"2018-03-23T14:30:13","date_gmt":"2018-03-23T14:30:13","guid":{"rendered":"https:\/\/www.lagazza.com\/?post_type=product&#038;p=6211"},"modified":"2024-09-27T15:55:01","modified_gmt":"2024-09-27T13:55:01","slug":"salsa-ketchup-picante","status":"publish","type":"product","link":"https:\/\/www.lagazza.ch\/fr\/haendlershop\/tomatensaucen-pesto\/salsa-ketchup-picante\/","title":{"rendered":"Salsa Ketchup piccante"},"content":{"rendered":"<p>Fabriqu\u00e9e \u00e0 partir de tomates rouges bien m\u00fbres, cette variante est \u00e9pic\u00e9e et piquante. Elle convient aux hamburgers et aux BBQ et \u00e0 tous ceux qui aiment les plats un peu plus \u00e9pic\u00e9s.<\/p>","protected":false},"excerpt":{"rendered":"<p><strong>Ketchup \u00e9pic\u00e9<\/strong><br \/>\nIngr\u00e9dients : Piments, tomates, huile d'olive extra vierge, oignons, sucre, vinaigre de vin, sel, ail, \u00e9pices.<\/p>","protected":false},"featured_media":7549,"template":"","meta":[],"product_brand":[],"product_cat":[658],"product_tag":[],"class_list":{"0":"post-6211","1":"product","2":"type-product","3":"status-publish","4":"has-post-thumbnail","6":"product_cat-tomatensaucen-pesto","7":"pa_ernaehrungsangaben-glutenfrei","8":"pa_ernaehrungsangaben-vegetarisch","9":"pa_ernaehrungsangaben-vegan","10":"pa_marke-cascina-san-giovanni","12":"first","13":"instock","14":"taxable","15":"shipping-taxable","16":"product-type-simple"},"_links":{"self":[{"href":"https:\/\/www.lagazza.ch\/fr\/wp-json\/wp\/v2\/product\/6211","targetHints":{"allow":["GET"]}}],"collection":[{"href":"https:\/\/www.lagazza.ch\/fr\/wp-json\/wp\/v2\/product"}],"about":[{"href":"https:\/\/www.lagazza.ch\/fr\/wp-json\/wp\/v2\/types\/product"}],"wp:featuredmedia":[{"embeddable":true,"href":"https:\/\/www.lagazza.ch\/fr\/wp-json\/wp\/v2\/media\/7549"}],"wp:attachment":[{"href":"https:\/\/www.lagazza.ch\/fr\/wp-json\/wp\/v2\/media?parent=6211"}],"wp:term":[{"taxonomy":"product_brand","embeddable":true,"href":"https:\/\/www.lagazza.ch\/fr\/wp-json\/wp\/v2\/product_brand?post=6211"},{"taxonomy":"product_cat","embeddable":true,"href":"https:\/\/www.lagazza.ch\/fr\/wp-json\/wp\/v2\/product_cat?post=6211"},{"taxonomy":"product_tag","embeddable":true,"href":"https:\/\/www.lagazza.ch\/fr\/wp-json\/wp\/v2\/product_tag?post=6211"}],"curies":[{"name":"wp","href":"https:\/\/api.w.org\/{rel}","templated":true}]}}