{"id":6064,"date":"2018-02-19T14:56:18","date_gmt":"2018-02-19T14:56:18","guid":{"rendered":"https:\/\/www.lagazza.com\/?post_type=product&#038;p=6064"},"modified":"2024-03-22T12:41:44","modified_gmt":"2024-03-22T12:41:44","slug":"casoncelli-alla-bergamasca","status":"publish","type":"product","link":"https:\/\/www.lagazza.ch\/fr\/haendlershop\/frischteigwaren\/casoncelli-alla-bergamasca\/","title":{"rendered":"Casoncelli \u00e0 la Bergamasque"},"content":{"rendered":"<p>Toutes les p\u00e2tes fra\u00eeches sont livr\u00e9es en barquettes fumig\u00e9es et peuvent \u00eatre congel\u00e9es. Dur\u00e9e de conservation minimale pour les produits surgel\u00e9s : 3 mois \u00e0 partir de la production. Toutes les vari\u00e9t\u00e9s sont \u00e9galement disponibles en emballages de 500 g.<\/p>","protected":false},"excerpt":{"rendered":"<p><strong>Casoncelli au salami, b\u0153uf, l\u00e9gumes<\/strong><br \/>\nIngr\u00e9dients : Semoule de bl\u00e9 dur, farine de bl\u00e9, \u0153ufs, lard, viande, mortadelle, grissini r\u00e2p\u00e9s, fromage, huile d'olive, sel, poivre, noix de muscade, persil, l\u00e9gumes, ail, vin.<\/p>","protected":false},"featured_media":9089,"template":"","meta":[],"product_brand":[],"product_cat":[619],"product_tag":[],"class_list":{"0":"post-6064","1":"product","2":"type-product","3":"status-publish","4":"has-post-thumbnail","6":"product_cat-frischteigwaren","7":"pa_marke-la-gazza","9":"first","10":"instock","11":"taxable","12":"shipping-taxable","13":"product-type-simple"},"_links":{"self":[{"href":"https:\/\/www.lagazza.ch\/fr\/wp-json\/wp\/v2\/product\/6064","targetHints":{"allow":["GET"]}}],"collection":[{"href":"https:\/\/www.lagazza.ch\/fr\/wp-json\/wp\/v2\/product"}],"about":[{"href":"https:\/\/www.lagazza.ch\/fr\/wp-json\/wp\/v2\/types\/product"}],"wp:featuredmedia":[{"embeddable":true,"href":"https:\/\/www.lagazza.ch\/fr\/wp-json\/wp\/v2\/media\/9089"}],"wp:attachment":[{"href":"https:\/\/www.lagazza.ch\/fr\/wp-json\/wp\/v2\/media?parent=6064"}],"wp:term":[{"taxonomy":"product_brand","embeddable":true,"href":"https:\/\/www.lagazza.ch\/fr\/wp-json\/wp\/v2\/product_brand?post=6064"},{"taxonomy":"product_cat","embeddable":true,"href":"https:\/\/www.lagazza.ch\/fr\/wp-json\/wp\/v2\/product_cat?post=6064"},{"taxonomy":"product_tag","embeddable":true,"href":"https:\/\/www.lagazza.ch\/fr\/wp-json\/wp\/v2\/product_tag?post=6064"}],"curies":[{"name":"wp","href":"https:\/\/api.w.org\/{rel}","templated":true}]}}