{"id":5998,"date":"2018-02-19T14:32:50","date_gmt":"2018-02-19T14:32:50","guid":{"rendered":"https:\/\/www.lagazza.com\/?post_type=product&#038;p=5998"},"modified":"2024-03-22T14:41:49","modified_gmt":"2024-03-22T14:41:49","slug":"gnocchi-ortica","status":"publish","type":"product","link":"https:\/\/www.lagazza.ch\/fr\/haendlershop\/frischteigwaren\/gnocchi-ortica\/","title":{"rendered":"Gnocchi ortica"},"content":{"rendered":"<p>Toutes les p\u00e2tes fra\u00eeches sont livr\u00e9es en barquettes fumig\u00e9es et peuvent \u00eatre congel\u00e9es. Dur\u00e9e de conservation minimale pour les produits surgel\u00e9s : 3 mois \u00e0 partir de la production.<\/p>","protected":false},"excerpt":{"rendered":"<p><strong>Gnocchi aux orties<\/strong><br \/>\nIngr\u00e9dients : Pur\u00e9e de pommes de terre, farine de bl\u00e9, amidon de pommes de terre, orties, sel.<\/p>","protected":false},"featured_media":7849,"template":"","meta":[],"product_brand":[],"product_cat":[619],"product_tag":[],"class_list":{"0":"post-5998","1":"product","2":"type-product","3":"status-publish","4":"has-post-thumbnail","6":"product_cat-frischteigwaren","7":"pa_ernaehrungsangaben-vegetarisch","8":"pa_ernaehrungsangaben-vegan","9":"pa_marke-la-gazza","11":"first","12":"instock","13":"taxable","14":"shipping-taxable","15":"product-type-simple"},"_links":{"self":[{"href":"https:\/\/www.lagazza.ch\/fr\/wp-json\/wp\/v2\/product\/5998","targetHints":{"allow":["GET"]}}],"collection":[{"href":"https:\/\/www.lagazza.ch\/fr\/wp-json\/wp\/v2\/product"}],"about":[{"href":"https:\/\/www.lagazza.ch\/fr\/wp-json\/wp\/v2\/types\/product"}],"wp:featuredmedia":[{"embeddable":true,"href":"https:\/\/www.lagazza.ch\/fr\/wp-json\/wp\/v2\/media\/7849"}],"wp:attachment":[{"href":"https:\/\/www.lagazza.ch\/fr\/wp-json\/wp\/v2\/media?parent=5998"}],"wp:term":[{"taxonomy":"product_brand","embeddable":true,"href":"https:\/\/www.lagazza.ch\/fr\/wp-json\/wp\/v2\/product_brand?post=5998"},{"taxonomy":"product_cat","embeddable":true,"href":"https:\/\/www.lagazza.ch\/fr\/wp-json\/wp\/v2\/product_cat?post=5998"},{"taxonomy":"product_tag","embeddable":true,"href":"https:\/\/www.lagazza.ch\/fr\/wp-json\/wp\/v2\/product_tag?post=5998"}],"curies":[{"name":"wp","href":"https:\/\/api.w.org\/{rel}","templated":true}]}}