{"id":5853,"date":"2018-01-12T08:06:57","date_gmt":"2018-01-12T08:06:57","guid":{"rendered":"https:\/\/www.lagazza.com\/?post_type=product&#038;p=5853"},"modified":"2025-09-01T09:42:12","modified_gmt":"2025-09-01T07:42:12","slug":"confettura-extra-di-fragole-180","status":"publish","type":"product","link":"https:\/\/www.lagazza.ch\/fr\/haendlershop\/honige-konfitueren\/confettura-extra-di-fragole-180\/","title":{"rendered":"Confettura extra di fragole"},"content":{"rendered":"<p>Nos confitures sont fabriqu\u00e9es \u00e0 partir de fruits m\u00fbrs et de sucre soigneusement s\u00e9lectionn\u00e9s. La m\u00e9thode de fabrication traditionnelle permet d'obtenir des p\u00e2tes \u00e0 tartiner fruit\u00e9es et fra\u00eeches, au go\u00fbt naturel.<\/p>","protected":false},"excerpt":{"rendered":"<p><strong>Confiture de fraises<\/strong><br \/>\nIngr\u00e9dients : Fraises, sucre.<\/p>","protected":false},"featured_media":7584,"template":"","meta":[],"product_brand":[],"product_cat":[316],"product_tag":[],"class_list":{"0":"post-5853","1":"product","2":"type-product","3":"status-publish","4":"has-post-thumbnail","6":"product_cat-honige-konfitueren","7":"pa_ernaehrungsangaben-glutenfrei","8":"pa_ernaehrungsangaben-vegetarisch","9":"pa_ernaehrungsangaben-vegan","10":"pa_marke-cascina-san-giovanni","12":"first","13":"instock","14":"taxable","15":"shipping-taxable","16":"product-type-simple"},"_links":{"self":[{"href":"https:\/\/www.lagazza.ch\/fr\/wp-json\/wp\/v2\/product\/5853","targetHints":{"allow":["GET"]}}],"collection":[{"href":"https:\/\/www.lagazza.ch\/fr\/wp-json\/wp\/v2\/product"}],"about":[{"href":"https:\/\/www.lagazza.ch\/fr\/wp-json\/wp\/v2\/types\/product"}],"wp:featuredmedia":[{"embeddable":true,"href":"https:\/\/www.lagazza.ch\/fr\/wp-json\/wp\/v2\/media\/7584"}],"wp:attachment":[{"href":"https:\/\/www.lagazza.ch\/fr\/wp-json\/wp\/v2\/media?parent=5853"}],"wp:term":[{"taxonomy":"product_brand","embeddable":true,"href":"https:\/\/www.lagazza.ch\/fr\/wp-json\/wp\/v2\/product_brand?post=5853"},{"taxonomy":"product_cat","embeddable":true,"href":"https:\/\/www.lagazza.ch\/fr\/wp-json\/wp\/v2\/product_cat?post=5853"},{"taxonomy":"product_tag","embeddable":true,"href":"https:\/\/www.lagazza.ch\/fr\/wp-json\/wp\/v2\/product_tag?post=5853"}],"curies":[{"name":"wp","href":"https:\/\/api.w.org\/{rel}","templated":true}]}}