{"id":5844,"date":"2018-01-12T07:57:05","date_gmt":"2018-01-12T07:57:05","guid":{"rendered":"https:\/\/www.lagazza.com\/?post_type=product&#038;p=5844"},"modified":"2026-03-03T11:33:54","modified_gmt":"2026-03-03T10:33:54","slug":"tartufi-dolci-caramello-e-nocciole-salate-mini-7g","status":"publish","type":"product","link":"https:\/\/www.lagazza.ch\/fr\/haendlershop\/dolci\/tartufi-dolci-caramello-e-nocciole-salate-mini-7g\/","title":{"rendered":"Tartufi dolci caramello e nocciole salate mini 7g"},"content":{"rendered":"<p>Nos pralines aux truffes sont fabriqu\u00e9es \u00e0 partir des meilleures noisettes pi\u00e9montaises IGP, cultiv\u00e9es sur les collines de l'Alta Langa, r\u00e9colt\u00e9es, grill\u00e9es et transform\u00e9es \u00e0 la main. Enrichies de chocolat au lait, de chocolat noir ou de chocolat blanc et agr\u00e9ment\u00e9es de diff\u00e9rents ingr\u00e9dients, nos vari\u00e9t\u00e9s de tartufis voient le jour.<\/p>","protected":false},"excerpt":{"rendered":"<p><strong>S\u00fcsser Tr\u00fcffel mit Karamell und gesalzenen Haseln\u00fcssen (klein)<\/strong><br \/>\nZutaten: weisse Schokolade mit Karamell, Zucker, Kakaobutter, Piemontesische Haseln\u00fcsse, Haselnusspaste, Kakaopulver, Salz.<\/p>","protected":false},"featured_media":17834,"template":"","meta":[],"product_brand":[],"product_cat":[483],"product_tag":[],"class_list":{"0":"post-5844","1":"product","2":"type-product","3":"status-publish","4":"has-post-thumbnail","6":"product_cat-dolci","7":"pa_ernaehrungsangaben-glutenfrei","8":"pa_ernaehrungsangaben-vegetarisch","9":"pa_marke-cascina-san-giovanni","11":"first","12":"instock","13":"taxable","14":"shipping-taxable","15":"product-type-simple"},"_links":{"self":[{"href":"https:\/\/www.lagazza.ch\/fr\/wp-json\/wp\/v2\/product\/5844","targetHints":{"allow":["GET"]}}],"collection":[{"href":"https:\/\/www.lagazza.ch\/fr\/wp-json\/wp\/v2\/product"}],"about":[{"href":"https:\/\/www.lagazza.ch\/fr\/wp-json\/wp\/v2\/types\/product"}],"wp:featuredmedia":[{"embeddable":true,"href":"https:\/\/www.lagazza.ch\/fr\/wp-json\/wp\/v2\/media\/17834"}],"wp:attachment":[{"href":"https:\/\/www.lagazza.ch\/fr\/wp-json\/wp\/v2\/media?parent=5844"}],"wp:term":[{"taxonomy":"product_brand","embeddable":true,"href":"https:\/\/www.lagazza.ch\/fr\/wp-json\/wp\/v2\/product_brand?post=5844"},{"taxonomy":"product_cat","embeddable":true,"href":"https:\/\/www.lagazza.ch\/fr\/wp-json\/wp\/v2\/product_cat?post=5844"},{"taxonomy":"product_tag","embeddable":true,"href":"https:\/\/www.lagazza.ch\/fr\/wp-json\/wp\/v2\/product_tag?post=5844"}],"curies":[{"name":"wp","href":"https:\/\/api.w.org\/{rel}","templated":true}]}}