{"id":5703,"date":"2017-10-31T13:04:40","date_gmt":"2017-10-31T13:04:40","guid":{"rendered":"https:\/\/www.lagazza.com\/?post_type=product&#038;p=5703"},"modified":"2024-07-18T12:45:51","modified_gmt":"2024-07-18T12:45:51","slug":"spaghettata-collezione-bianco-e-nero","status":"publish","type":"product","link":"https:\/\/www.lagazza.ch\/fr\/haendlershop\/geschenkboxen\/spaghettata-collezione-bianco-e-nero\/","title":{"rendered":"Spaghettata - Collection bianco e nero"},"content":{"rendered":"","protected":false},"excerpt":{"rendered":"<p><strong>Coffret cadeau Spaghettata - Collection Black &amp; White<\/strong><br \/>\nSpaghetti, Huile d'olive extra vierge, Sugo \u00e0 la tomate, Sugo au basilic, Sugo all'arrabbiata (au piment), Sugo aux l\u00e9gumes, Cuill\u00e8re de cuisine en bois.<\/p>","protected":false},"featured_media":7740,"template":"","meta":[],"product_brand":[],"product_cat":[313],"product_tag":[],"class_list":{"0":"post-5703","1":"product","2":"type-product","3":"status-publish","4":"has-post-thumbnail","6":"product_cat-geschenkboxen","7":"pa_ernaehrungsangaben-vegetarisch","8":"pa_ernaehrungsangaben-vegan","9":"pa_marke-cascina-san-giovanni","11":"first","12":"instock","13":"taxable","14":"shipping-taxable","15":"product-type-simple"},"_links":{"self":[{"href":"https:\/\/www.lagazza.ch\/fr\/wp-json\/wp\/v2\/product\/5703","targetHints":{"allow":["GET"]}}],"collection":[{"href":"https:\/\/www.lagazza.ch\/fr\/wp-json\/wp\/v2\/product"}],"about":[{"href":"https:\/\/www.lagazza.ch\/fr\/wp-json\/wp\/v2\/types\/product"}],"wp:featuredmedia":[{"embeddable":true,"href":"https:\/\/www.lagazza.ch\/fr\/wp-json\/wp\/v2\/media\/7740"}],"wp:attachment":[{"href":"https:\/\/www.lagazza.ch\/fr\/wp-json\/wp\/v2\/media?parent=5703"}],"wp:term":[{"taxonomy":"product_brand","embeddable":true,"href":"https:\/\/www.lagazza.ch\/fr\/wp-json\/wp\/v2\/product_brand?post=5703"},{"taxonomy":"product_cat","embeddable":true,"href":"https:\/\/www.lagazza.ch\/fr\/wp-json\/wp\/v2\/product_cat?post=5703"},{"taxonomy":"product_tag","embeddable":true,"href":"https:\/\/www.lagazza.ch\/fr\/wp-json\/wp\/v2\/product_tag?post=5703"}],"curies":[{"name":"wp","href":"https:\/\/api.w.org\/{rel}","templated":true}]}}