{"id":5154,"date":"2017-09-01T09:47:15","date_gmt":"2017-09-01T09:47:15","guid":{"rendered":"https:\/\/www.lagazza.com\/?post_type=product&#038;p=5154"},"modified":"2024-10-01T09:31:00","modified_gmt":"2024-10-01T07:31:00","slug":"sale-marino-al-basilico","status":"publish","type":"product","link":"https:\/\/www.lagazza.ch\/fr\/haendlershop\/salze-kraeuter-gewuerze\/sale-marino-al-basilico\/","title":{"rendered":"Sale marino al basilico"},"content":{"rendered":"<p>Notre sel marin est lav\u00e9, centrifug\u00e9 puis s\u00e9ch\u00e9 dans des fours sp\u00e9ciaux \u00e0 une temp\u00e9rature d'environ 220\u00b0 Celsius afin de le d\u00e9barrasser de ses impuret\u00e9s et de la majeure partie de son humidit\u00e9. Un gros sel marin riche en min\u00e9raux, provenant des salines de Sicile, aromatis\u00e9 et color\u00e9 avec des touches de couleur v\u00e9g\u00e9tale de basilic.<\/p>","protected":false},"excerpt":{"rendered":"<p><strong>Sel de mer au go\u00fbt de basilic<\/strong><br \/>\nIngr\u00e9dients : Sel marin, colorant v\u00e9g\u00e9tal de basilic.<\/p>","protected":false},"featured_media":7640,"template":"","meta":[],"product_brand":[],"product_cat":[484],"product_tag":[],"class_list":{"0":"post-5154","1":"product","2":"type-product","3":"status-publish","4":"has-post-thumbnail","6":"product_cat-salze-kraeuter-gewuerze","7":"pa_ernaehrungsangaben-glutenfrei","8":"pa_ernaehrungsangaben-vegetarisch","9":"pa_ernaehrungsangaben-vegan","10":"pa_marke-cascina-san-giovanni","12":"first","13":"instock","14":"taxable","15":"shipping-taxable","16":"product-type-simple"},"_links":{"self":[{"href":"https:\/\/www.lagazza.ch\/fr\/wp-json\/wp\/v2\/product\/5154","targetHints":{"allow":["GET"]}}],"collection":[{"href":"https:\/\/www.lagazza.ch\/fr\/wp-json\/wp\/v2\/product"}],"about":[{"href":"https:\/\/www.lagazza.ch\/fr\/wp-json\/wp\/v2\/types\/product"}],"wp:featuredmedia":[{"embeddable":true,"href":"https:\/\/www.lagazza.ch\/fr\/wp-json\/wp\/v2\/media\/7640"}],"wp:attachment":[{"href":"https:\/\/www.lagazza.ch\/fr\/wp-json\/wp\/v2\/media?parent=5154"}],"wp:term":[{"taxonomy":"product_brand","embeddable":true,"href":"https:\/\/www.lagazza.ch\/fr\/wp-json\/wp\/v2\/product_brand?post=5154"},{"taxonomy":"product_cat","embeddable":true,"href":"https:\/\/www.lagazza.ch\/fr\/wp-json\/wp\/v2\/product_cat?post=5154"},{"taxonomy":"product_tag","embeddable":true,"href":"https:\/\/www.lagazza.ch\/fr\/wp-json\/wp\/v2\/product_tag?post=5154"}],"curies":[{"name":"wp","href":"https:\/\/api.w.org\/{rel}","templated":true}]}}