{"id":5148,"date":"2017-09-01T09:43:06","date_gmt":"2017-09-01T09:43:06","guid":{"rendered":"https:\/\/www.lagazza.com\/?post_type=product&#038;p=5148"},"modified":"2024-10-01T09:19:49","modified_gmt":"2024-10-01T07:19:49","slug":"sale-marino-piccante","status":"publish","type":"product","link":"https:\/\/www.lagazza.ch\/fr\/haendlershop\/salze-kraeuter-gewuerze\/sale-marino-piccante\/","title":{"rendered":"Sale marino piccante"},"content":{"rendered":"<p>Notre sel marin est lav\u00e9, centrifug\u00e9 puis s\u00e9ch\u00e9 dans des fours sp\u00e9ciaux \u00e0 une temp\u00e9rature d'environ 220\u00b0 Celsius afin de le d\u00e9barrasser de ses impuret\u00e9s et de la majeure partie de son humidit\u00e9. Un gros sel marin riche en min\u00e9raux, provenant des salines de Sicile, aromatis\u00e9 au piment, au thym, au persil, \u00e0 l'ail, au laurier et au poivre noir.<\/p>","protected":false},"excerpt":{"rendered":"<p><strong>Sel de mer piquant<\/strong><br \/>\nIngr\u00e9dients : Sel de mer, piment, thym, persil, ail, laurier, poivre noir.<\/p>","protected":false},"featured_media":7634,"template":"","meta":[],"product_brand":[],"product_cat":[484],"product_tag":[],"class_list":{"0":"post-5148","1":"product","2":"type-product","3":"status-publish","4":"has-post-thumbnail","6":"product_cat-salze-kraeuter-gewuerze","7":"pa_ernaehrungsangaben-glutenfrei","8":"pa_ernaehrungsangaben-vegetarisch","9":"pa_ernaehrungsangaben-vegan","10":"pa_marke-cascina-san-giovanni","12":"first","13":"instock","14":"taxable","15":"shipping-taxable","16":"product-type-simple"},"_links":{"self":[{"href":"https:\/\/www.lagazza.ch\/fr\/wp-json\/wp\/v2\/product\/5148","targetHints":{"allow":["GET"]}}],"collection":[{"href":"https:\/\/www.lagazza.ch\/fr\/wp-json\/wp\/v2\/product"}],"about":[{"href":"https:\/\/www.lagazza.ch\/fr\/wp-json\/wp\/v2\/types\/product"}],"wp:featuredmedia":[{"embeddable":true,"href":"https:\/\/www.lagazza.ch\/fr\/wp-json\/wp\/v2\/media\/7634"}],"wp:attachment":[{"href":"https:\/\/www.lagazza.ch\/fr\/wp-json\/wp\/v2\/media?parent=5148"}],"wp:term":[{"taxonomy":"product_brand","embeddable":true,"href":"https:\/\/www.lagazza.ch\/fr\/wp-json\/wp\/v2\/product_brand?post=5148"},{"taxonomy":"product_cat","embeddable":true,"href":"https:\/\/www.lagazza.ch\/fr\/wp-json\/wp\/v2\/product_cat?post=5148"},{"taxonomy":"product_tag","embeddable":true,"href":"https:\/\/www.lagazza.ch\/fr\/wp-json\/wp\/v2\/product_tag?post=5148"}],"curies":[{"name":"wp","href":"https:\/\/api.w.org\/{rel}","templated":true}]}}