{"id":5139,"date":"2017-09-01T09:37:08","date_gmt":"2017-09-01T09:37:08","guid":{"rendered":"https:\/\/www.lagazza.com\/?post_type=product&#038;p=5139"},"modified":"2024-10-01T09:41:21","modified_gmt":"2024-10-01T07:41:21","slug":"bruschetta-al-pomodoro","status":"publish","type":"product","link":"https:\/\/www.lagazza.ch\/fr\/haendlershop\/salze-kraeuter-gewuerze\/bruschetta-al-pomodoro\/","title":{"rendered":"Bruschetta \u00e0 la tomate"},"content":{"rendered":"<p>Pour nos m\u00e9langes sp\u00e9ciaux, nous n'utilisons que les herbes les plus fines. Harmonis\u00e9es au niveau du go\u00fbt, elles conf\u00e8rent aux plats de p\u00e2tes, risottos, l\u00e9gumes, soupes, viandes et poissons le v\u00e9ritable go\u00fbt italien. Des m\u00e9langes pour salades, pizzas, crostini et bruschetta compl\u00e8tent notre vaste assortiment.<\/p>","protected":false},"excerpt":{"rendered":"<p><strong>M\u00e9lange d'\u00e9pices pour bruschetta aux tomates<\/strong><br \/>\nIngr\u00e9dients : Tomates, ail, origan, sel de cuisine, oignons, carottes, c\u00e9leri.<\/p>","protected":false},"featured_media":7636,"template":"","meta":[],"product_brand":[],"product_cat":[484],"product_tag":[],"class_list":{"0":"post-5139","1":"product","2":"type-product","3":"status-publish","4":"has-post-thumbnail","6":"product_cat-salze-kraeuter-gewuerze","7":"pa_ernaehrungsangaben-glutenfrei","8":"pa_ernaehrungsangaben-vegetarisch","9":"pa_ernaehrungsangaben-vegan","10":"pa_marke-cascina-san-giovanni","12":"first","13":"instock","14":"taxable","15":"shipping-taxable","16":"product-type-simple"},"_links":{"self":[{"href":"https:\/\/www.lagazza.ch\/fr\/wp-json\/wp\/v2\/product\/5139","targetHints":{"allow":["GET"]}}],"collection":[{"href":"https:\/\/www.lagazza.ch\/fr\/wp-json\/wp\/v2\/product"}],"about":[{"href":"https:\/\/www.lagazza.ch\/fr\/wp-json\/wp\/v2\/types\/product"}],"wp:featuredmedia":[{"embeddable":true,"href":"https:\/\/www.lagazza.ch\/fr\/wp-json\/wp\/v2\/media\/7636"}],"wp:attachment":[{"href":"https:\/\/www.lagazza.ch\/fr\/wp-json\/wp\/v2\/media?parent=5139"}],"wp:term":[{"taxonomy":"product_brand","embeddable":true,"href":"https:\/\/www.lagazza.ch\/fr\/wp-json\/wp\/v2\/product_brand?post=5139"},{"taxonomy":"product_cat","embeddable":true,"href":"https:\/\/www.lagazza.ch\/fr\/wp-json\/wp\/v2\/product_cat?post=5139"},{"taxonomy":"product_tag","embeddable":true,"href":"https:\/\/www.lagazza.ch\/fr\/wp-json\/wp\/v2\/product_tag?post=5139"}],"curies":[{"name":"wp","href":"https:\/\/api.w.org\/{rel}","templated":true}]}}