{"id":4969,"date":"2017-08-29T12:35:36","date_gmt":"2017-08-29T12:35:36","guid":{"rendered":"https:\/\/www.lagazza.com\/?post_type=product&#038;p=4969"},"modified":"2024-09-30T15:27:42","modified_gmt":"2024-09-30T13:27:42","slug":"cantucci-cioccolato-e-mandorle","status":"publish","type":"product","link":"https:\/\/www.lagazza.ch\/fr\/haendlershop\/dolci\/cantucci-cioccolato-e-mandorle\/","title":{"rendered":"Cantucci cioccolato et mandorle"},"content":{"rendered":"<p>Les biscuits italiens aux amandes, ici au chocolat noir, sont fabriqu\u00e9s \u00e0 la main selon une recette traditionnelle avec de la farine, du sucre, des \u0153ufs frais, des amandes italiennes, de la levure et du sel. Nous renon\u00e7ons aux ar\u00f4mes, colorants et conservateurs artificiels. Les cantucci sont cuits deux fois. D'abord sous forme de miches allong\u00e9es, puis en tranches, ce qui les rend plus friables et leur permet de se conserver.<\/p>","protected":false},"excerpt":{"rendered":"<p><strong>Cantucci au chocolat et aux amandes<\/strong><br \/>\nIngr\u00e9dients : Farine de bl\u00e9, sucre, amandes, \u0153ufs, beurre, chocolat amer, beurre de cacao, cacao en poudre, levure, sel.<\/p>","protected":false},"featured_media":7397,"template":"","meta":[],"product_brand":[],"product_cat":[483],"product_tag":[],"class_list":{"0":"post-4969","1":"product","2":"type-product","3":"status-publish","4":"has-post-thumbnail","6":"product_cat-dolci","7":"pa_ernaehrungsangaben-vegetarisch","8":"pa_marke-cascina-san-giovanni","10":"first","11":"instock","12":"taxable","13":"shipping-taxable","14":"product-type-simple"},"_links":{"self":[{"href":"https:\/\/www.lagazza.ch\/fr\/wp-json\/wp\/v2\/product\/4969","targetHints":{"allow":["GET"]}}],"collection":[{"href":"https:\/\/www.lagazza.ch\/fr\/wp-json\/wp\/v2\/product"}],"about":[{"href":"https:\/\/www.lagazza.ch\/fr\/wp-json\/wp\/v2\/types\/product"}],"wp:featuredmedia":[{"embeddable":true,"href":"https:\/\/www.lagazza.ch\/fr\/wp-json\/wp\/v2\/media\/7397"}],"wp:attachment":[{"href":"https:\/\/www.lagazza.ch\/fr\/wp-json\/wp\/v2\/media?parent=4969"}],"wp:term":[{"taxonomy":"product_brand","embeddable":true,"href":"https:\/\/www.lagazza.ch\/fr\/wp-json\/wp\/v2\/product_brand?post=4969"},{"taxonomy":"product_cat","embeddable":true,"href":"https:\/\/www.lagazza.ch\/fr\/wp-json\/wp\/v2\/product_cat?post=4969"},{"taxonomy":"product_tag","embeddable":true,"href":"https:\/\/www.lagazza.ch\/fr\/wp-json\/wp\/v2\/product_tag?post=4969"}],"curies":[{"name":"wp","href":"https:\/\/api.w.org\/{rel}","templated":true}]}}