{"id":4830,"date":"2017-08-25T08:45:55","date_gmt":"2017-08-25T08:45:55","guid":{"rendered":"https:\/\/www.lagazza.com\/?post_type=product&#038;p=4830"},"modified":"2024-07-18T14:25:32","modified_gmt":"2024-07-18T14:25:32","slug":"aceti-e-olio-in-bottiglia-speciale-laura-collezione-bianco-e-nero","status":"publish","type":"product","link":"https:\/\/www.lagazza.ch\/fr\/haendlershop\/geschenkboxen\/aceti-e-olio-in-bottiglia-speciale-laura-collezione-bianco-e-nero\/","title":{"rendered":"Aceti e olio in bottiglia speciale Laura - collezione bianco e nero"},"content":{"rendered":"","protected":false},"excerpt":{"rendered":"<p><strong>Coffret cadeau Vinaigres et huiles en flacons sp\u00e9ciaux Laura - Collection Black &amp; White<\/strong><br \/>\nVinaigre balsamique de Mod\u00e8ne IGP 3 feuilles, huile d'olive extra vierge, pr\u00e9paration \u00e0 base de vinaigre de vin blanc et de mo\u00fbt de raisin.<\/p>","protected":false},"featured_media":7739,"template":"","meta":[],"product_brand":[],"product_cat":[313],"product_tag":[],"class_list":{"0":"post-4830","1":"product","2":"type-product","3":"status-publish","4":"has-post-thumbnail","6":"product_cat-geschenkboxen","7":"pa_ernaehrungsangaben-glutenfrei","8":"pa_ernaehrungsangaben-vegetarisch","9":"pa_ernaehrungsangaben-vegan","10":"pa_marke-cascina-san-giovanni","12":"first","13":"instock","14":"taxable","15":"shipping-taxable","16":"product-type-simple"},"_links":{"self":[{"href":"https:\/\/www.lagazza.ch\/fr\/wp-json\/wp\/v2\/product\/4830","targetHints":{"allow":["GET"]}}],"collection":[{"href":"https:\/\/www.lagazza.ch\/fr\/wp-json\/wp\/v2\/product"}],"about":[{"href":"https:\/\/www.lagazza.ch\/fr\/wp-json\/wp\/v2\/types\/product"}],"wp:featuredmedia":[{"embeddable":true,"href":"https:\/\/www.lagazza.ch\/fr\/wp-json\/wp\/v2\/media\/7739"}],"wp:attachment":[{"href":"https:\/\/www.lagazza.ch\/fr\/wp-json\/wp\/v2\/media?parent=4830"}],"wp:term":[{"taxonomy":"product_brand","embeddable":true,"href":"https:\/\/www.lagazza.ch\/fr\/wp-json\/wp\/v2\/product_brand?post=4830"},{"taxonomy":"product_cat","embeddable":true,"href":"https:\/\/www.lagazza.ch\/fr\/wp-json\/wp\/v2\/product_cat?post=4830"},{"taxonomy":"product_tag","embeddable":true,"href":"https:\/\/www.lagazza.ch\/fr\/wp-json\/wp\/v2\/product_tag?post=4830"}],"curies":[{"name":"wp","href":"https:\/\/api.w.org\/{rel}","templated":true}]}}