{"id":4489,"date":"2017-01-24T15:17:54","date_gmt":"2017-01-24T15:17:54","guid":{"rendered":"http:\/\/www.lagazza.com\/?post_type=product&#038;p=4489"},"modified":"2024-07-18T13:57:49","modified_gmt":"2024-07-18T13:57:49","slug":"risotto-con-olio-al-tartufo-csg","status":"publish","type":"product","link":"https:\/\/www.lagazza.ch\/fr\/haendlershop\/geschenkboxen\/risotto-con-olio-al-tartufo-csg\/","title":{"rendered":"Risotto con olio al tartufo"},"content":{"rendered":"","protected":false},"excerpt":{"rendered":"<p><strong>Coffret cadeau Risotto \u00e0 l'huile de truffe<\/strong><br \/>\nHuile d'olive extra vierge aromatis\u00e9e \u00e0 la truffe, m\u00e9lange d'\u00e9pices pour risotto, huile d'olive extra vierge de Toscane \"I Cipressi\", riz pour risotto Carnaroli, tomates s\u00e9ch\u00e9es en morceaux, cuill\u00e8re de cuisine en bois.<\/p>","protected":false},"featured_media":16243,"template":"","meta":[],"product_brand":[],"product_cat":[313],"product_tag":[],"class_list":{"0":"post-4489","1":"product","2":"type-product","3":"status-publish","4":"has-post-thumbnail","6":"product_cat-geschenkboxen","7":"pa_ernaehrungsangaben-glutenfrei","8":"pa_ernaehrungsangaben-vegetarisch","9":"pa_ernaehrungsangaben-vegan","10":"pa_marke-cascina-san-giovanni","12":"first","13":"instock","14":"taxable","15":"shipping-taxable","16":"product-type-simple"},"_links":{"self":[{"href":"https:\/\/www.lagazza.ch\/fr\/wp-json\/wp\/v2\/product\/4489","targetHints":{"allow":["GET"]}}],"collection":[{"href":"https:\/\/www.lagazza.ch\/fr\/wp-json\/wp\/v2\/product"}],"about":[{"href":"https:\/\/www.lagazza.ch\/fr\/wp-json\/wp\/v2\/types\/product"}],"wp:featuredmedia":[{"embeddable":true,"href":"https:\/\/www.lagazza.ch\/fr\/wp-json\/wp\/v2\/media\/16243"}],"wp:attachment":[{"href":"https:\/\/www.lagazza.ch\/fr\/wp-json\/wp\/v2\/media?parent=4489"}],"wp:term":[{"taxonomy":"product_brand","embeddable":true,"href":"https:\/\/www.lagazza.ch\/fr\/wp-json\/wp\/v2\/product_brand?post=4489"},{"taxonomy":"product_cat","embeddable":true,"href":"https:\/\/www.lagazza.ch\/fr\/wp-json\/wp\/v2\/product_cat?post=4489"},{"taxonomy":"product_tag","embeddable":true,"href":"https:\/\/www.lagazza.ch\/fr\/wp-json\/wp\/v2\/product_tag?post=4489"}],"curies":[{"name":"wp","href":"https:\/\/api.w.org\/{rel}","templated":true}]}}