{"id":4472,"date":"2017-01-24T14:26:44","date_gmt":"2017-01-24T14:26:44","guid":{"rendered":"http:\/\/www.lagazza.com\/?post_type=product&#038;p=4472"},"modified":"2024-07-18T10:07:39","modified_gmt":"2024-07-18T10:07:39","slug":"grissini-con-creme","status":"publish","type":"product","link":"https:\/\/www.lagazza.ch\/fr\/haendlershop\/geschenkboxen\/grissini-con-creme\/","title":{"rendered":"Grissini con creme"},"content":{"rendered":"","protected":false},"excerpt":{"rendered":"<p><strong>Coffret cadeau Grissini avec cr\u00e8mes<\/strong><br \/>\nGrissini, p\u00e2te \u00e0 tartiner de crostini \u00e0 base de tomates s\u00e9ch\u00e9es au soleil, p\u00e2te \u00e0 tartiner de crostini aux olives vertes, p\u00e2te \u00e0 tartiner de crostini aux olives noires.<\/p>","protected":false},"featured_media":7723,"template":"","meta":[],"product_brand":[],"product_cat":[313],"product_tag":[],"class_list":{"0":"post-4472","1":"product","2":"type-product","3":"status-publish","4":"has-post-thumbnail","6":"product_cat-geschenkboxen","7":"pa_ernaehrungsangaben-vegetarisch","8":"pa_ernaehrungsangaben-vegan","9":"pa_marke-cascina-san-giovanni","11":"first","12":"instock","13":"taxable","14":"shipping-taxable","15":"product-type-simple"},"_links":{"self":[{"href":"https:\/\/www.lagazza.ch\/fr\/wp-json\/wp\/v2\/product\/4472","targetHints":{"allow":["GET"]}}],"collection":[{"href":"https:\/\/www.lagazza.ch\/fr\/wp-json\/wp\/v2\/product"}],"about":[{"href":"https:\/\/www.lagazza.ch\/fr\/wp-json\/wp\/v2\/types\/product"}],"wp:featuredmedia":[{"embeddable":true,"href":"https:\/\/www.lagazza.ch\/fr\/wp-json\/wp\/v2\/media\/7723"}],"wp:attachment":[{"href":"https:\/\/www.lagazza.ch\/fr\/wp-json\/wp\/v2\/media?parent=4472"}],"wp:term":[{"taxonomy":"product_brand","embeddable":true,"href":"https:\/\/www.lagazza.ch\/fr\/wp-json\/wp\/v2\/product_brand?post=4472"},{"taxonomy":"product_cat","embeddable":true,"href":"https:\/\/www.lagazza.ch\/fr\/wp-json\/wp\/v2\/product_cat?post=4472"},{"taxonomy":"product_tag","embeddable":true,"href":"https:\/\/www.lagazza.ch\/fr\/wp-json\/wp\/v2\/product_tag?post=4472"}],"curies":[{"name":"wp","href":"https:\/\/api.w.org\/{rel}","templated":true}]}}