{"id":4290,"date":"2016-11-03T11:36:02","date_gmt":"2016-11-03T11:36:02","guid":{"rendered":"http:\/\/www.lagazza.com\/produkt\/amaretti-di-sassello-mit-schokolade-weich\/"},"modified":"2024-09-30T16:08:52","modified_gmt":"2024-09-30T14:08:52","slug":"amaretti-con-gocce-di-cioccolato","status":"publish","type":"product","link":"https:\/\/www.lagazza.ch\/fr\/haendlershop\/dolci\/amaretti-con-gocce-di-cioccolato\/","title":{"rendered":"Amaretti con gocce di cioccolato"},"content":{"rendered":"<div class=\"elementor-element elementor-element-6681ead elementor-widget elementor-widget-jet-single-content\" data-id=\"6681ead\" data-element_type=\"widget\" data-widget_type=\"jet-single-content.default\">\n<div class=\"elementor-widget-container\">\n<div class=\"elementor-jet-single-content jet-woo-builder\">\n<div class=\"jet-single-content\">\n<div class=\"product\">\n<p>Le secret de ce d\u00e9lice ?<br \/>\nC'est simple : l'utilisation des meilleurs ingr\u00e9dients, \u00e9labor\u00e9s uniquement \u00e0 partir des produits les plus fins de premier choix, et une transformation en grande partie manuelle, comme au bon vieux temps. Originaire de Sassello, son go\u00fbt a conquis le monde entier.<\/p>\n<p>Cette d\u00e9licieuse friandise est fabriqu\u00e9e selon une ancienne recette traditionnelle \u00e0 partir de quelques ingr\u00e9dients naturels. Les amandes douces et am\u00e8res, le sucre et le blanc d'\u0153uf sont trait\u00e9s de mani\u00e8re appropri\u00e9e, compl\u00e9t\u00e9s selon les go\u00fbts par des fruits, diff\u00e9rentes noix, du caf\u00e9, des ch\u00e2taignes, du chocolat, des raisins secs ou des pignons, puis cuits au four.<\/p>\n<\/div>\n<\/div>\n<\/div>\n<\/div>\n<\/div>","protected":false},"excerpt":{"rendered":"<p><strong>Amaretti avec p\u00e9pites de chocolat<\/strong><br \/>\nIngr\u00e9dients : sucre, noyaux d'abricot, chocolat noir (avec une teneur en cacao d'au moins 45%), amandes, blanc d'\u0153uf.<\/p>","protected":false},"featured_media":7455,"template":"","meta":[],"product_brand":[],"product_cat":[483],"product_tag":[],"class_list":{"0":"post-4290","1":"product","2":"type-product","3":"status-publish","4":"has-post-thumbnail","6":"product_cat-dolci","7":"pa_ernaehrungsangaben-glutenfrei","8":"pa_ernaehrungsangaben-vegetarisch","9":"pa_marke-cascina-san-giovanni","11":"first","12":"instock","13":"taxable","14":"shipping-taxable","15":"product-type-simple"},"_links":{"self":[{"href":"https:\/\/www.lagazza.ch\/fr\/wp-json\/wp\/v2\/product\/4290","targetHints":{"allow":["GET"]}}],"collection":[{"href":"https:\/\/www.lagazza.ch\/fr\/wp-json\/wp\/v2\/product"}],"about":[{"href":"https:\/\/www.lagazza.ch\/fr\/wp-json\/wp\/v2\/types\/product"}],"wp:featuredmedia":[{"embeddable":true,"href":"https:\/\/www.lagazza.ch\/fr\/wp-json\/wp\/v2\/media\/7455"}],"wp:attachment":[{"href":"https:\/\/www.lagazza.ch\/fr\/wp-json\/wp\/v2\/media?parent=4290"}],"wp:term":[{"taxonomy":"product_brand","embeddable":true,"href":"https:\/\/www.lagazza.ch\/fr\/wp-json\/wp\/v2\/product_brand?post=4290"},{"taxonomy":"product_cat","embeddable":true,"href":"https:\/\/www.lagazza.ch\/fr\/wp-json\/wp\/v2\/product_cat?post=4290"},{"taxonomy":"product_tag","embeddable":true,"href":"https:\/\/www.lagazza.ch\/fr\/wp-json\/wp\/v2\/product_tag?post=4290"}],"curies":[{"name":"wp","href":"https:\/\/api.w.org\/{rel}","templated":true}]}}